{"id":960680,"date":"2021-03-11T21:37:40","date_gmt":"2021-03-11T20:37:40","guid":{"rendered":"https:\/\/institut-florilege.fr\/index.php\/product\/simplessence-anti-age\/"},"modified":"2021-04-12T09:03:37","modified_gmt":"2021-04-12T07:03:37","slug":"simplessence-anti-age","status":"publish","type":"product","link":"https:\/\/florianehaudebault.fr\/index.php\/product\/simplessence-anti-age\/","title":{"rendered":"Simplessence anti-\u00e2ge"},"content":{"rendered":"<p>Sa tr\u00e8s haute teneur en huile d\u2019Argan bio conf\u00e8re \u00e0 ce soin visage anti-\u00e2ge bio un haut pouvoir r\u00e9g\u00e9n\u00e9rant.<\/p>\n<p>L\u2019huile d\u2019Argan contient une proportion de tocoph\u00e9rols (vitamine E) 3 fois sup\u00e9rieure \u00e0 toute autre huile d\u2019o\u00f9 son action anti-radicalaire d\u00e9terminante dans la pr\u00e9vention anti-\u00e2ge.<\/p>\n<p>En activant l\u2019oxyg\u00e9nation intracellulaire l\u2019huile d\u2019Argan bio contenue dans le S\u00e9rum anti-\u00e2ge bio SIMPLESSENCE favorise la restauration de la couche hydrolipidique ce qui permet d\u2019\u00e9viter le dess\u00e8chement et d\u2019estomper les signes de vieillissement cutan\u00e9.<\/p>\n<p>D\u00e8s la premi\u00e8re utilisation le soin anti-\u00e2ge bio SIMPLESSENCE aidera votre peau \u00e0 gagner en confort, luminosit\u00e9, puis progressivement l\u2019huile d\u2019argan aidera votre peau \u00e0 paraitre plus lisse et ferme.<\/p>\n","protected":false},"excerpt":{"rendered":"<p>Sa tr\u00e8s haute teneur en huile d\u2019Argan bio conf\u00e8re \u00e0 ce soin visage anti-\u00e2ge bio un haut pouvoir r\u00e9g\u00e9n\u00e9rant. L\u2019huile d\u2019Argan contient une proportion de tocoph\u00e9rols (vitamine E) 3 fois sup\u00e9rieure \u00e0 toute autre huile d\u2019o\u00f9 son action anti-radicalaire d\u00e9terminante dans la pr\u00e9vention anti-\u00e2ge. En activant l\u2019oxyg\u00e9nation intracellulaire l\u2019huile d\u2019Argan bio contenue dans le S\u00e9rum [&hellip;]<\/p>\n","protected":false},"featured_media":0,"template":"","meta":{"_et_pb_use_builder":"","_et_pb_old_content":"","_et_gb_content_width":"","_monsterinsights_skip_tracking":false,"_monsterinsights_sitenote_active":false,"_monsterinsights_sitenote_note":"","_monsterinsights_sitenote_category":0},"product_brand":[],"product_cat":[19,61],"product_tag":[],"class_list":{"0":"post-960680","1":"product","2":"type-product","3":"status-publish","5":"product_cat-cosmetiques-corps-et-visage-bio","6":"product_cat-produits-visage","8":"first","9":"instock","10":"shipping-taxable","11":"purchasable","12":"product-type-simple"},"yoast_head":"<!-- This site is optimized with the Yoast SEO plugin v27.4 - https:\/\/yoast.com\/product\/yoast-seo-wordpress\/ -->\n<title>Simplessence anti-\u00e2ge - Floriane H<\/title>\n<meta name=\"robots\" content=\"index, follow, max-snippet:-1, max-image-preview:large, max-video-preview:-1\" \/>\n<link rel=\"canonical\" href=\"https:\/\/florianehaudebault.fr\/index.php\/product\/simplessence-anti-age\/\" \/>\n<meta property=\"og:locale\" content=\"fr_FR\" \/>\n<meta property=\"og:type\" content=\"article\" \/>\n<meta property=\"og:title\" content=\"Simplessence anti-\u00e2ge - Floriane H\" \/>\n<meta property=\"og:description\" content=\"Sa tr\u00e8s haute teneur en huile d\u2019Argan bio conf\u00e8re \u00e0 ce soin visage anti-\u00e2ge bio un haut pouvoir r\u00e9g\u00e9n\u00e9rant. L\u2019huile d\u2019Argan contient une proportion de tocoph\u00e9rols (vitamine E) 3 fois sup\u00e9rieure \u00e0 toute autre huile d\u2019o\u00f9 son action anti-radicalaire d\u00e9terminante dans la pr\u00e9vention anti-\u00e2ge. En activant l\u2019oxyg\u00e9nation intracellulaire l\u2019huile d\u2019Argan bio contenue dans le S\u00e9rum [&hellip;]\" \/>\n<meta property=\"og:url\" content=\"https:\/\/florianehaudebault.fr\/index.php\/product\/simplessence-anti-age\/\" \/>\n<meta property=\"og:site_name\" content=\"Floriane H\" \/>\n<meta property=\"article:modified_time\" content=\"2021-04-12T07:03:37+00:00\" \/>\n<meta property=\"og:image\" content=\"https:\/\/florianehaudebault.fr\/wp-content\/uploads\/2021\/03\/simplessence-anti-age-.jpg\" \/>\n\t<meta property=\"og:image:width\" content=\"360\" \/>\n\t<meta property=\"og:image:height\" content=\"360\" \/>\n\t<meta property=\"og:image:type\" content=\"image\/jpeg\" \/>\n<meta name=\"twitter:card\" content=\"summary_large_image\" \/>\n<meta name=\"twitter:label1\" content=\"Dur\u00e9e de lecture estim\u00e9e\" \/>\n\t<meta name=\"twitter:data1\" content=\"1 minute\" \/>\n<script type=\"application\/ld+json\" class=\"yoast-schema-graph\">{\"@context\":\"https:\\\/\\\/schema.org\",\"@graph\":[{\"@type\":\"WebPage\",\"@id\":\"https:\\\/\\\/florianehaudebault.fr\\\/index.php\\\/product\\\/simplessence-anti-age\\\/\",\"url\":\"https:\\\/\\\/florianehaudebault.fr\\\/index.php\\\/product\\\/simplessence-anti-age\\\/\",\"name\":\"Simplessence anti-\u00e2ge - Floriane H\",\"isPartOf\":{\"@id\":\"https:\\\/\\\/florianehaudebault.fr\\\/#website\"},\"datePublished\":\"2021-03-11T20:37:40+00:00\",\"dateModified\":\"2021-04-12T07:03:37+00:00\",\"breadcrumb\":{\"@id\":\"https:\\\/\\\/florianehaudebault.fr\\\/index.php\\\/product\\\/simplessence-anti-age\\\/#breadcrumb\"},\"inLanguage\":\"fr-FR\",\"potentialAction\":[{\"@type\":\"ReadAction\",\"target\":[\"https:\\\/\\\/florianehaudebault.fr\\\/index.php\\\/product\\\/simplessence-anti-age\\\/\"]}]},{\"@type\":\"BreadcrumbList\",\"@id\":\"https:\\\/\\\/florianehaudebault.fr\\\/index.php\\\/product\\\/simplessence-anti-age\\\/#breadcrumb\",\"itemListElement\":[{\"@type\":\"ListItem\",\"position\":1,\"name\":\"Accueil\",\"item\":\"https:\\\/\\\/florianehaudebault.fr\\\/\"},{\"@type\":\"ListItem\",\"position\":2,\"name\":\"Boutique\",\"item\":\"https:\\\/\\\/florianehaudebault.fr\\\/index.php\\\/boutique\\\/\"},{\"@type\":\"ListItem\",\"position\":3,\"name\":\"Simplessence anti-\u00e2ge\"}]},{\"@type\":\"WebSite\",\"@id\":\"https:\\\/\\\/florianehaudebault.fr\\\/#website\",\"url\":\"https:\\\/\\\/florianehaudebault.fr\\\/\",\"name\":\"Floriane H\",\"description\":\"Institut de beaut\u00e9 et de bien-\u00eatre \u00e0 Vivy\",\"potentialAction\":[{\"@type\":\"SearchAction\",\"target\":{\"@type\":\"EntryPoint\",\"urlTemplate\":\"https:\\\/\\\/florianehaudebault.fr\\\/?s={search_term_string}\"},\"query-input\":{\"@type\":\"PropertyValueSpecification\",\"valueRequired\":true,\"valueName\":\"search_term_string\"}}],\"inLanguage\":\"fr-FR\"}]}<\/script>\n<!-- \/ Yoast SEO plugin. -->","yoast_head_json":{"title":"Simplessence anti-\u00e2ge - Floriane H","robots":{"index":"index","follow":"follow","max-snippet":"max-snippet:-1","max-image-preview":"max-image-preview:large","max-video-preview":"max-video-preview:-1"},"canonical":"https:\/\/florianehaudebault.fr\/index.php\/product\/simplessence-anti-age\/","og_locale":"fr_FR","og_type":"article","og_title":"Simplessence anti-\u00e2ge - Floriane H","og_description":"Sa tr\u00e8s haute teneur en huile d\u2019Argan bio conf\u00e8re \u00e0 ce soin visage anti-\u00e2ge bio un haut pouvoir r\u00e9g\u00e9n\u00e9rant. L\u2019huile d\u2019Argan contient une proportion de tocoph\u00e9rols (vitamine E) 3 fois sup\u00e9rieure \u00e0 toute autre huile d\u2019o\u00f9 son action anti-radicalaire d\u00e9terminante dans la pr\u00e9vention anti-\u00e2ge. En activant l\u2019oxyg\u00e9nation intracellulaire l\u2019huile d\u2019Argan bio contenue dans le S\u00e9rum [&hellip;]","og_url":"https:\/\/florianehaudebault.fr\/index.php\/product\/simplessence-anti-age\/","og_site_name":"Floriane H","article_modified_time":"2021-04-12T07:03:37+00:00","og_image":[{"width":360,"height":360,"url":"https:\/\/florianehaudebault.fr\/wp-content\/uploads\/2021\/03\/simplessence-anti-age-.jpg","type":"image\/jpeg"}],"twitter_card":"summary_large_image","twitter_misc":{"Dur\u00e9e de lecture estim\u00e9e":"1 minute"},"schema":{"@context":"https:\/\/schema.org","@graph":[{"@type":"WebPage","@id":"https:\/\/florianehaudebault.fr\/index.php\/product\/simplessence-anti-age\/","url":"https:\/\/florianehaudebault.fr\/index.php\/product\/simplessence-anti-age\/","name":"Simplessence anti-\u00e2ge - Floriane H","isPartOf":{"@id":"https:\/\/florianehaudebault.fr\/#website"},"datePublished":"2021-03-11T20:37:40+00:00","dateModified":"2021-04-12T07:03:37+00:00","breadcrumb":{"@id":"https:\/\/florianehaudebault.fr\/index.php\/product\/simplessence-anti-age\/#breadcrumb"},"inLanguage":"fr-FR","potentialAction":[{"@type":"ReadAction","target":["https:\/\/florianehaudebault.fr\/index.php\/product\/simplessence-anti-age\/"]}]},{"@type":"BreadcrumbList","@id":"https:\/\/florianehaudebault.fr\/index.php\/product\/simplessence-anti-age\/#breadcrumb","itemListElement":[{"@type":"ListItem","position":1,"name":"Accueil","item":"https:\/\/florianehaudebault.fr\/"},{"@type":"ListItem","position":2,"name":"Boutique","item":"https:\/\/florianehaudebault.fr\/index.php\/boutique\/"},{"@type":"ListItem","position":3,"name":"Simplessence anti-\u00e2ge"}]},{"@type":"WebSite","@id":"https:\/\/florianehaudebault.fr\/#website","url":"https:\/\/florianehaudebault.fr\/","name":"Floriane H","description":"Institut de beaut\u00e9 et de bien-\u00eatre \u00e0 Vivy","potentialAction":[{"@type":"SearchAction","target":{"@type":"EntryPoint","urlTemplate":"https:\/\/florianehaudebault.fr\/?s={search_term_string}"},"query-input":{"@type":"PropertyValueSpecification","valueRequired":true,"valueName":"search_term_string"}}],"inLanguage":"fr-FR"}]}},"_links":{"self":[{"href":"https:\/\/florianehaudebault.fr\/index.php\/wp-json\/wp\/v2\/product\/960680","targetHints":{"allow":["GET"]}}],"collection":[{"href":"https:\/\/florianehaudebault.fr\/index.php\/wp-json\/wp\/v2\/product"}],"about":[{"href":"https:\/\/florianehaudebault.fr\/index.php\/wp-json\/wp\/v2\/types\/product"}],"wp:attachment":[{"href":"https:\/\/florianehaudebault.fr\/index.php\/wp-json\/wp\/v2\/media?parent=960680"}],"wp:term":[{"taxonomy":"product_brand","embeddable":true,"href":"https:\/\/florianehaudebault.fr\/index.php\/wp-json\/wp\/v2\/product_brand?post=960680"},{"taxonomy":"product_cat","embeddable":true,"href":"https:\/\/florianehaudebault.fr\/index.php\/wp-json\/wp\/v2\/product_cat?post=960680"},{"taxonomy":"product_tag","embeddable":true,"href":"https:\/\/florianehaudebault.fr\/index.php\/wp-json\/wp\/v2\/product_tag?post=960680"}],"curies":[{"name":"wp","href":"https:\/\/api.w.org\/{rel}","templated":true}]}}