{"id":868376,"date":"2021-03-11T21:37:30","date_gmt":"2021-03-11T20:37:30","guid":{"rendered":"https:\/\/institut-florilege.fr\/index.php\/product\/fluide-hydratant-human\/"},"modified":"2021-05-26T14:03:14","modified_gmt":"2021-05-26T12:03:14","slug":"fluide-hydratant-human","status":"publish","type":"product","link":"https:\/\/florianehaudebault.fr\/index.php\/product\/fluide-hydratant-human\/","title":{"rendered":"Fluide hydratant visage &#038; yeux Human"},"content":{"rendered":"<p>Le FLUIDE HUMAN devient LE geste hydratant, rafra\u00eechissant visage et yeux du quotidien. Il est le produit id\u00e9al pour un r\u00e9veil matin tonique et bienveillant, booster d\u2019hydratation.<\/p>\n<p>Sa formule gel-cr\u00e8me non grasse est facile \u00e0 r\u00e9partir sur le visage. Ne colle pas, laisse un fini velout\u00e9.<\/p>\n<p>Les ridules, les marques de fatigue du contour de l\u2019oeil et du visage sont liss\u00e9s.<\/p>\n<p>Son plus : il calme et r\u00e9pare la peau apr\u00e8s le passage du rasoir.<\/p>\n","protected":false},"excerpt":{"rendered":"<p>Le FLUIDE HUMAN devient LE geste hydratant, rafra\u00eechissant visage et yeux du quotidien. Il est le produit id\u00e9al pour un r\u00e9veil matin tonique et bienveillant, booster d\u2019hydratation. Sa formule gel-cr\u00e8me non grasse est facile \u00e0 r\u00e9partir sur le visage. Ne colle pas, laisse un fini velout\u00e9. Les ridules, les marques de fatigue du contour de [&hellip;]<\/p>\n","protected":false},"featured_media":1210198,"template":"","meta":{"_et_pb_use_builder":"","_et_pb_old_content":"","_et_gb_content_width":"","_monsterinsights_skip_tracking":false,"_monsterinsights_sitenote_active":false,"_monsterinsights_sitenote_note":"","_monsterinsights_sitenote_category":0},"product_brand":[],"product_cat":[19,61],"product_tag":[],"class_list":{"0":"post-868376","1":"product","2":"type-product","3":"status-publish","4":"has-post-thumbnail","6":"product_cat-cosmetiques-corps-et-visage-bio","7":"product_cat-produits-visage","9":"first","10":"instock","11":"shipping-taxable","12":"purchasable","13":"product-type-simple"},"yoast_head":"<!-- This site is optimized with the Yoast SEO plugin v27.2 - https:\/\/yoast.com\/product\/yoast-seo-wordpress\/ -->\n<title>Fluide hydratant visage &amp; yeux Human - Floriane H<\/title>\n<meta name=\"robots\" content=\"index, follow, max-snippet:-1, max-image-preview:large, max-video-preview:-1\" \/>\n<link rel=\"canonical\" href=\"https:\/\/florianehaudebault.fr\/index.php\/product\/fluide-hydratant-human\/\" \/>\n<meta property=\"og:locale\" content=\"fr_FR\" \/>\n<meta property=\"og:type\" content=\"article\" \/>\n<meta property=\"og:title\" content=\"Fluide hydratant visage &amp; yeux Human - Floriane H\" \/>\n<meta property=\"og:description\" content=\"Le FLUIDE HUMAN devient LE geste hydratant, rafra\u00eechissant visage et yeux du quotidien. Il est le produit id\u00e9al pour un r\u00e9veil matin tonique et bienveillant, booster d\u2019hydratation. Sa formule gel-cr\u00e8me non grasse est facile \u00e0 r\u00e9partir sur le visage. Ne colle pas, laisse un fini velout\u00e9. Les ridules, les marques de fatigue du contour de [&hellip;]\" \/>\n<meta property=\"og:url\" content=\"https:\/\/florianehaudebault.fr\/index.php\/product\/fluide-hydratant-human\/\" \/>\n<meta property=\"og:site_name\" content=\"Floriane H\" \/>\n<meta property=\"article:modified_time\" content=\"2021-05-26T12:03:14+00:00\" \/>\n<meta property=\"og:image\" content=\"https:\/\/florianehaudebault.fr\/wp-content\/uploads\/2021\/03\/Le-fluide-.png\" \/>\n\t<meta property=\"og:image:width\" content=\"360\" \/>\n\t<meta property=\"og:image:height\" content=\"360\" \/>\n\t<meta property=\"og:image:type\" content=\"image\/png\" \/>\n<meta name=\"twitter:card\" content=\"summary_large_image\" \/>\n<script type=\"application\/ld+json\" class=\"yoast-schema-graph\">{\"@context\":\"https:\/\/schema.org\",\"@graph\":[{\"@type\":\"WebPage\",\"@id\":\"https:\/\/florianehaudebault.fr\/index.php\/product\/fluide-hydratant-human\/\",\"url\":\"https:\/\/florianehaudebault.fr\/index.php\/product\/fluide-hydratant-human\/\",\"name\":\"Fluide hydratant visage & yeux Human - Floriane H\",\"isPartOf\":{\"@id\":\"https:\/\/florianehaudebault.fr\/#website\"},\"primaryImageOfPage\":{\"@id\":\"https:\/\/florianehaudebault.fr\/index.php\/product\/fluide-hydratant-human\/#primaryimage\"},\"image\":{\"@id\":\"https:\/\/florianehaudebault.fr\/index.php\/product\/fluide-hydratant-human\/#primaryimage\"},\"thumbnailUrl\":\"https:\/\/florianehaudebault.fr\/wp-content\/uploads\/2021\/03\/Le-fluide-.png\",\"datePublished\":\"2021-03-11T20:37:30+00:00\",\"dateModified\":\"2021-05-26T12:03:14+00:00\",\"breadcrumb\":{\"@id\":\"https:\/\/florianehaudebault.fr\/index.php\/product\/fluide-hydratant-human\/#breadcrumb\"},\"inLanguage\":\"fr-FR\",\"potentialAction\":[{\"@type\":\"ReadAction\",\"target\":[\"https:\/\/florianehaudebault.fr\/index.php\/product\/fluide-hydratant-human\/\"]}]},{\"@type\":\"ImageObject\",\"inLanguage\":\"fr-FR\",\"@id\":\"https:\/\/florianehaudebault.fr\/index.php\/product\/fluide-hydratant-human\/#primaryimage\",\"url\":\"https:\/\/florianehaudebault.fr\/wp-content\/uploads\/2021\/03\/Le-fluide-.png\",\"contentUrl\":\"https:\/\/florianehaudebault.fr\/wp-content\/uploads\/2021\/03\/Le-fluide-.png\",\"width\":360,\"height\":360},{\"@type\":\"BreadcrumbList\",\"@id\":\"https:\/\/florianehaudebault.fr\/index.php\/product\/fluide-hydratant-human\/#breadcrumb\",\"itemListElement\":[{\"@type\":\"ListItem\",\"position\":1,\"name\":\"Accueil\",\"item\":\"https:\/\/florianehaudebault.fr\/\"},{\"@type\":\"ListItem\",\"position\":2,\"name\":\"Boutique\",\"item\":\"https:\/\/florianehaudebault.fr\/index.php\/boutique\/\"},{\"@type\":\"ListItem\",\"position\":3,\"name\":\"Fluide hydratant visage &#038; yeux Human\"}]},{\"@type\":\"WebSite\",\"@id\":\"https:\/\/florianehaudebault.fr\/#website\",\"url\":\"https:\/\/florianehaudebault.fr\/\",\"name\":\"Floriane H\",\"description\":\"Institut de beaut\u00e9 et de bien-\u00eatre \u00e0 Vivy\",\"potentialAction\":[{\"@type\":\"SearchAction\",\"target\":{\"@type\":\"EntryPoint\",\"urlTemplate\":\"https:\/\/florianehaudebault.fr\/?s={search_term_string}\"},\"query-input\":{\"@type\":\"PropertyValueSpecification\",\"valueRequired\":true,\"valueName\":\"search_term_string\"}}],\"inLanguage\":\"fr-FR\"}]}<\/script>\n<!-- \/ Yoast SEO plugin. -->","yoast_head_json":{"title":"Fluide hydratant visage & yeux Human - Floriane H","robots":{"index":"index","follow":"follow","max-snippet":"max-snippet:-1","max-image-preview":"max-image-preview:large","max-video-preview":"max-video-preview:-1"},"canonical":"https:\/\/florianehaudebault.fr\/index.php\/product\/fluide-hydratant-human\/","og_locale":"fr_FR","og_type":"article","og_title":"Fluide hydratant visage & yeux Human - Floriane H","og_description":"Le FLUIDE HUMAN devient LE geste hydratant, rafra\u00eechissant visage et yeux du quotidien. Il est le produit id\u00e9al pour un r\u00e9veil matin tonique et bienveillant, booster d\u2019hydratation. Sa formule gel-cr\u00e8me non grasse est facile \u00e0 r\u00e9partir sur le visage. Ne colle pas, laisse un fini velout\u00e9. Les ridules, les marques de fatigue du contour de [&hellip;]","og_url":"https:\/\/florianehaudebault.fr\/index.php\/product\/fluide-hydratant-human\/","og_site_name":"Floriane H","article_modified_time":"2021-05-26T12:03:14+00:00","og_image":[{"width":360,"height":360,"url":"https:\/\/florianehaudebault.fr\/wp-content\/uploads\/2021\/03\/Le-fluide-.png","type":"image\/png"}],"twitter_card":"summary_large_image","schema":{"@context":"https:\/\/schema.org","@graph":[{"@type":"WebPage","@id":"https:\/\/florianehaudebault.fr\/index.php\/product\/fluide-hydratant-human\/","url":"https:\/\/florianehaudebault.fr\/index.php\/product\/fluide-hydratant-human\/","name":"Fluide hydratant visage & yeux Human - Floriane H","isPartOf":{"@id":"https:\/\/florianehaudebault.fr\/#website"},"primaryImageOfPage":{"@id":"https:\/\/florianehaudebault.fr\/index.php\/product\/fluide-hydratant-human\/#primaryimage"},"image":{"@id":"https:\/\/florianehaudebault.fr\/index.php\/product\/fluide-hydratant-human\/#primaryimage"},"thumbnailUrl":"https:\/\/florianehaudebault.fr\/wp-content\/uploads\/2021\/03\/Le-fluide-.png","datePublished":"2021-03-11T20:37:30+00:00","dateModified":"2021-05-26T12:03:14+00:00","breadcrumb":{"@id":"https:\/\/florianehaudebault.fr\/index.php\/product\/fluide-hydratant-human\/#breadcrumb"},"inLanguage":"fr-FR","potentialAction":[{"@type":"ReadAction","target":["https:\/\/florianehaudebault.fr\/index.php\/product\/fluide-hydratant-human\/"]}]},{"@type":"ImageObject","inLanguage":"fr-FR","@id":"https:\/\/florianehaudebault.fr\/index.php\/product\/fluide-hydratant-human\/#primaryimage","url":"https:\/\/florianehaudebault.fr\/wp-content\/uploads\/2021\/03\/Le-fluide-.png","contentUrl":"https:\/\/florianehaudebault.fr\/wp-content\/uploads\/2021\/03\/Le-fluide-.png","width":360,"height":360},{"@type":"BreadcrumbList","@id":"https:\/\/florianehaudebault.fr\/index.php\/product\/fluide-hydratant-human\/#breadcrumb","itemListElement":[{"@type":"ListItem","position":1,"name":"Accueil","item":"https:\/\/florianehaudebault.fr\/"},{"@type":"ListItem","position":2,"name":"Boutique","item":"https:\/\/florianehaudebault.fr\/index.php\/boutique\/"},{"@type":"ListItem","position":3,"name":"Fluide hydratant visage &#038; yeux Human"}]},{"@type":"WebSite","@id":"https:\/\/florianehaudebault.fr\/#website","url":"https:\/\/florianehaudebault.fr\/","name":"Floriane H","description":"Institut de beaut\u00e9 et de bien-\u00eatre \u00e0 Vivy","potentialAction":[{"@type":"SearchAction","target":{"@type":"EntryPoint","urlTemplate":"https:\/\/florianehaudebault.fr\/?s={search_term_string}"},"query-input":{"@type":"PropertyValueSpecification","valueRequired":true,"valueName":"search_term_string"}}],"inLanguage":"fr-FR"}]}},"_links":{"self":[{"href":"https:\/\/florianehaudebault.fr\/index.php\/wp-json\/wp\/v2\/product\/868376","targetHints":{"allow":["GET"]}}],"collection":[{"href":"https:\/\/florianehaudebault.fr\/index.php\/wp-json\/wp\/v2\/product"}],"about":[{"href":"https:\/\/florianehaudebault.fr\/index.php\/wp-json\/wp\/v2\/types\/product"}],"wp:featuredmedia":[{"embeddable":true,"href":"https:\/\/florianehaudebault.fr\/index.php\/wp-json\/wp\/v2\/media\/1210198"}],"wp:attachment":[{"href":"https:\/\/florianehaudebault.fr\/index.php\/wp-json\/wp\/v2\/media?parent=868376"}],"wp:term":[{"taxonomy":"product_brand","embeddable":true,"href":"https:\/\/florianehaudebault.fr\/index.php\/wp-json\/wp\/v2\/product_brand?post=868376"},{"taxonomy":"product_cat","embeddable":true,"href":"https:\/\/florianehaudebault.fr\/index.php\/wp-json\/wp\/v2\/product_cat?post=868376"},{"taxonomy":"product_tag","embeddable":true,"href":"https:\/\/florianehaudebault.fr\/index.php\/wp-json\/wp\/v2\/product_tag?post=868376"}],"curies":[{"name":"wp","href":"https:\/\/api.w.org\/{rel}","templated":true}]}}