{"id":762263,"date":"2021-03-11T21:37:22","date_gmt":"2021-03-11T20:37:22","guid":{"rendered":"https:\/\/institut-florilege.fr\/index.php\/product\/tisane-confort-apaisement\/"},"modified":"2021-04-27T15:08:59","modified_gmt":"2021-04-27T13:08:59","slug":"tisane-confort-apaisement","status":"publish","type":"product","link":"https:\/\/florianehaudebault.fr\/index.php\/product\/tisane-confort-apaisement\/","title":{"rendered":"Tisane confort apaisement"},"content":{"rendered":"<p>Outre sa vertu hydratante, la bourrache apportera tout son savoir faire pour \u00e9liminer les toxines.<\/p>\n<p>La vigne rouge par son effet sur la circulation sanguine et sur la fragilit\u00e9 des capillaires participera \u00e0 apaiser les peaux fragiles.<\/p>\n<p>Le fenouil aidera \u00e0 la digestion.<\/p>\n<p>Quant \u00e0 la Camomille et \u00e0 la rose, elles seront d\u2019une apaisante douceur pendant que la verveine apportera la touche d\u00e9licate et raffin\u00e9e \u00e0 cette infusion bio CONFORT ET APAISEMENT.<\/p>\n","protected":false},"excerpt":{"rendered":"<p>Outre sa vertu hydratante, la bourrache apportera tout son savoir faire pour \u00e9liminer les toxines. La vigne rouge par son effet sur la circulation sanguine et sur la fragilit\u00e9 des capillaires participera \u00e0 apaiser les peaux fragiles. Le fenouil aidera \u00e0 la digestion. Quant \u00e0 la Camomille et \u00e0 la rose, elles seront d\u2019une apaisante [&hellip;]<\/p>\n","protected":false},"featured_media":0,"template":"","meta":{"_et_pb_use_builder":"","_et_pb_old_content":"","_et_gb_content_width":"","_monsterinsights_skip_tracking":false,"_monsterinsights_sitenote_active":false,"_monsterinsights_sitenote_note":"","_monsterinsights_sitenote_category":0},"product_brand":[],"product_cat":[19],"product_tag":[],"class_list":{"0":"post-762263","1":"product","2":"type-product","3":"status-publish","5":"product_cat-cosmetiques-corps-et-visage-bio","7":"first","8":"instock","9":"shipping-taxable","10":"purchasable","11":"product-type-simple"},"yoast_head":"<!-- This site is optimized with the Yoast SEO plugin v27.4 - https:\/\/yoast.com\/product\/yoast-seo-wordpress\/ -->\n<title>Tisane confort apaisement - Floriane H<\/title>\n<meta name=\"robots\" content=\"index, follow, max-snippet:-1, max-image-preview:large, max-video-preview:-1\" \/>\n<link rel=\"canonical\" href=\"https:\/\/florianehaudebault.fr\/index.php\/product\/tisane-confort-apaisement\/\" \/>\n<meta property=\"og:locale\" content=\"fr_FR\" \/>\n<meta property=\"og:type\" content=\"article\" \/>\n<meta property=\"og:title\" content=\"Tisane confort apaisement - Floriane H\" \/>\n<meta property=\"og:description\" content=\"Outre sa vertu hydratante, la bourrache apportera tout son savoir faire pour \u00e9liminer les toxines. La vigne rouge par son effet sur la circulation sanguine et sur la fragilit\u00e9 des capillaires participera \u00e0 apaiser les peaux fragiles. Le fenouil aidera \u00e0 la digestion. Quant \u00e0 la Camomille et \u00e0 la rose, elles seront d\u2019une apaisante [&hellip;]\" \/>\n<meta property=\"og:url\" content=\"https:\/\/florianehaudebault.fr\/index.php\/product\/tisane-confort-apaisement\/\" \/>\n<meta property=\"og:site_name\" content=\"Floriane H\" \/>\n<meta property=\"article:modified_time\" content=\"2021-04-27T13:08:59+00:00\" \/>\n<meta property=\"og:image\" content=\"https:\/\/florianehaudebault.fr\/wp-content\/uploads\/2021\/03\/tisane-confort-.jpg\" \/>\n\t<meta property=\"og:image:width\" content=\"360\" \/>\n\t<meta property=\"og:image:height\" content=\"360\" \/>\n\t<meta property=\"og:image:type\" content=\"image\/jpeg\" \/>\n<meta name=\"twitter:card\" content=\"summary_large_image\" \/>\n<script type=\"application\/ld+json\" class=\"yoast-schema-graph\">{\"@context\":\"https:\\\/\\\/schema.org\",\"@graph\":[{\"@type\":\"WebPage\",\"@id\":\"https:\\\/\\\/florianehaudebault.fr\\\/index.php\\\/product\\\/tisane-confort-apaisement\\\/\",\"url\":\"https:\\\/\\\/florianehaudebault.fr\\\/index.php\\\/product\\\/tisane-confort-apaisement\\\/\",\"name\":\"Tisane confort apaisement - Floriane H\",\"isPartOf\":{\"@id\":\"https:\\\/\\\/florianehaudebault.fr\\\/#website\"},\"datePublished\":\"2021-03-11T20:37:22+00:00\",\"dateModified\":\"2021-04-27T13:08:59+00:00\",\"breadcrumb\":{\"@id\":\"https:\\\/\\\/florianehaudebault.fr\\\/index.php\\\/product\\\/tisane-confort-apaisement\\\/#breadcrumb\"},\"inLanguage\":\"fr-FR\",\"potentialAction\":[{\"@type\":\"ReadAction\",\"target\":[\"https:\\\/\\\/florianehaudebault.fr\\\/index.php\\\/product\\\/tisane-confort-apaisement\\\/\"]}]},{\"@type\":\"BreadcrumbList\",\"@id\":\"https:\\\/\\\/florianehaudebault.fr\\\/index.php\\\/product\\\/tisane-confort-apaisement\\\/#breadcrumb\",\"itemListElement\":[{\"@type\":\"ListItem\",\"position\":1,\"name\":\"Accueil\",\"item\":\"https:\\\/\\\/florianehaudebault.fr\\\/\"},{\"@type\":\"ListItem\",\"position\":2,\"name\":\"Boutique\",\"item\":\"https:\\\/\\\/florianehaudebault.fr\\\/index.php\\\/boutique\\\/\"},{\"@type\":\"ListItem\",\"position\":3,\"name\":\"Tisane confort apaisement\"}]},{\"@type\":\"WebSite\",\"@id\":\"https:\\\/\\\/florianehaudebault.fr\\\/#website\",\"url\":\"https:\\\/\\\/florianehaudebault.fr\\\/\",\"name\":\"Floriane H\",\"description\":\"Institut de beaut\u00e9 et de bien-\u00eatre \u00e0 Vivy\",\"potentialAction\":[{\"@type\":\"SearchAction\",\"target\":{\"@type\":\"EntryPoint\",\"urlTemplate\":\"https:\\\/\\\/florianehaudebault.fr\\\/?s={search_term_string}\"},\"query-input\":{\"@type\":\"PropertyValueSpecification\",\"valueRequired\":true,\"valueName\":\"search_term_string\"}}],\"inLanguage\":\"fr-FR\"}]}<\/script>\n<!-- \/ Yoast SEO plugin. -->","yoast_head_json":{"title":"Tisane confort apaisement - Floriane H","robots":{"index":"index","follow":"follow","max-snippet":"max-snippet:-1","max-image-preview":"max-image-preview:large","max-video-preview":"max-video-preview:-1"},"canonical":"https:\/\/florianehaudebault.fr\/index.php\/product\/tisane-confort-apaisement\/","og_locale":"fr_FR","og_type":"article","og_title":"Tisane confort apaisement - Floriane H","og_description":"Outre sa vertu hydratante, la bourrache apportera tout son savoir faire pour \u00e9liminer les toxines. La vigne rouge par son effet sur la circulation sanguine et sur la fragilit\u00e9 des capillaires participera \u00e0 apaiser les peaux fragiles. Le fenouil aidera \u00e0 la digestion. Quant \u00e0 la Camomille et \u00e0 la rose, elles seront d\u2019une apaisante [&hellip;]","og_url":"https:\/\/florianehaudebault.fr\/index.php\/product\/tisane-confort-apaisement\/","og_site_name":"Floriane H","article_modified_time":"2021-04-27T13:08:59+00:00","og_image":[{"width":360,"height":360,"url":"https:\/\/florianehaudebault.fr\/wp-content\/uploads\/2021\/03\/tisane-confort-.jpg","type":"image\/jpeg"}],"twitter_card":"summary_large_image","schema":{"@context":"https:\/\/schema.org","@graph":[{"@type":"WebPage","@id":"https:\/\/florianehaudebault.fr\/index.php\/product\/tisane-confort-apaisement\/","url":"https:\/\/florianehaudebault.fr\/index.php\/product\/tisane-confort-apaisement\/","name":"Tisane confort apaisement - Floriane H","isPartOf":{"@id":"https:\/\/florianehaudebault.fr\/#website"},"datePublished":"2021-03-11T20:37:22+00:00","dateModified":"2021-04-27T13:08:59+00:00","breadcrumb":{"@id":"https:\/\/florianehaudebault.fr\/index.php\/product\/tisane-confort-apaisement\/#breadcrumb"},"inLanguage":"fr-FR","potentialAction":[{"@type":"ReadAction","target":["https:\/\/florianehaudebault.fr\/index.php\/product\/tisane-confort-apaisement\/"]}]},{"@type":"BreadcrumbList","@id":"https:\/\/florianehaudebault.fr\/index.php\/product\/tisane-confort-apaisement\/#breadcrumb","itemListElement":[{"@type":"ListItem","position":1,"name":"Accueil","item":"https:\/\/florianehaudebault.fr\/"},{"@type":"ListItem","position":2,"name":"Boutique","item":"https:\/\/florianehaudebault.fr\/index.php\/boutique\/"},{"@type":"ListItem","position":3,"name":"Tisane confort apaisement"}]},{"@type":"WebSite","@id":"https:\/\/florianehaudebault.fr\/#website","url":"https:\/\/florianehaudebault.fr\/","name":"Floriane H","description":"Institut de beaut\u00e9 et de bien-\u00eatre \u00e0 Vivy","potentialAction":[{"@type":"SearchAction","target":{"@type":"EntryPoint","urlTemplate":"https:\/\/florianehaudebault.fr\/?s={search_term_string}"},"query-input":{"@type":"PropertyValueSpecification","valueRequired":true,"valueName":"search_term_string"}}],"inLanguage":"fr-FR"}]}},"_links":{"self":[{"href":"https:\/\/florianehaudebault.fr\/index.php\/wp-json\/wp\/v2\/product\/762263","targetHints":{"allow":["GET"]}}],"collection":[{"href":"https:\/\/florianehaudebault.fr\/index.php\/wp-json\/wp\/v2\/product"}],"about":[{"href":"https:\/\/florianehaudebault.fr\/index.php\/wp-json\/wp\/v2\/types\/product"}],"wp:attachment":[{"href":"https:\/\/florianehaudebault.fr\/index.php\/wp-json\/wp\/v2\/media?parent=762263"}],"wp:term":[{"taxonomy":"product_brand","embeddable":true,"href":"https:\/\/florianehaudebault.fr\/index.php\/wp-json\/wp\/v2\/product_brand?post=762263"},{"taxonomy":"product_cat","embeddable":true,"href":"https:\/\/florianehaudebault.fr\/index.php\/wp-json\/wp\/v2\/product_cat?post=762263"},{"taxonomy":"product_tag","embeddable":true,"href":"https:\/\/florianehaudebault.fr\/index.php\/wp-json\/wp\/v2\/product_tag?post=762263"}],"curies":[{"name":"wp","href":"https:\/\/api.w.org\/{rel}","templated":true}]}}