{"id":762261,"date":"2021-03-11T21:37:21","date_gmt":"2021-03-11T20:37:21","guid":{"rendered":"https:\/\/institut-florilege.fr\/index.php\/product\/masque-hydratant-express\/"},"modified":"2021-04-12T15:57:16","modified_gmt":"2021-04-12T13:57:16","slug":"masque-hydratant-express","status":"publish","type":"product","link":"https:\/\/florianehaudebault.fr\/index.php\/product\/masque-hydratant-express\/","title":{"rendered":"Masque hydratant express"},"content":{"rendered":"<p>Qu\u2019ils soient \u00e0 tendance brillante ou tr\u00e8s inconfortable 80% des \u00e9pidermes manquent d\u2019eau.<\/p>\n<p>Le masque visage bio HYDRATANT EXPRESS avec sa texture gel est un soin hydratant v\u00e9ritable \u00ab coupe-soif \u00bb de la peau.<\/p>\n<p>L\u2019oxyg\u00e8ne actif contenu dans l\u2019extrait de fenouil marin permet en plus une activation des \u00e9changes cellulaires ainsi qu\u2019une action imm\u00e9diate sur l\u2019\u00e9clat du teint.<\/p>\n<p>Pour optimiser la p\u00e9n\u00e9tration de vos produits de soin visage, il est n\u00e9cessaire que votre \u00e9piderme soit parfaitement hydrat\u00e9*.<\/p>\n<p>Le masque visage bio HYDRATANT EXPRESS permet en moyenne une augmentation de 31% du taux d\u2019hydratation* apr\u00e8s une heure d\u2019application.<\/p>\n","protected":false},"excerpt":{"rendered":"<p>Qu\u2019ils soient \u00e0 tendance brillante ou tr\u00e8s inconfortable 80% des \u00e9pidermes manquent d\u2019eau. Le masque visage bio HYDRATANT EXPRESS avec sa texture gel est un soin hydratant v\u00e9ritable \u00ab coupe-soif \u00bb de la peau. L\u2019oxyg\u00e8ne actif contenu dans l\u2019extrait de fenouil marin permet en plus une activation des \u00e9changes cellulaires ainsi qu\u2019une action imm\u00e9diate sur [&hellip;]<\/p>\n","protected":false},"featured_media":0,"template":"","meta":{"_et_pb_use_builder":"","_et_pb_old_content":"","_et_gb_content_width":"","_monsterinsights_skip_tracking":false,"_monsterinsights_sitenote_active":false,"_monsterinsights_sitenote_note":"","_monsterinsights_sitenote_category":0},"product_brand":[],"product_cat":[19,61],"product_tag":[],"class_list":{"0":"post-762261","1":"product","2":"type-product","3":"status-publish","5":"product_cat-cosmetiques-corps-et-visage-bio","6":"product_cat-produits-visage","8":"first","9":"instock","10":"shipping-taxable","11":"purchasable","12":"product-type-simple"},"yoast_head":"<!-- This site is optimized with the Yoast SEO plugin v27.4 - https:\/\/yoast.com\/product\/yoast-seo-wordpress\/ -->\n<title>Masque hydratant express - Floriane H<\/title>\n<meta name=\"robots\" content=\"index, follow, max-snippet:-1, max-image-preview:large, max-video-preview:-1\" \/>\n<link rel=\"canonical\" href=\"https:\/\/florianehaudebault.fr\/index.php\/product\/masque-hydratant-express\/\" \/>\n<meta property=\"og:locale\" content=\"fr_FR\" \/>\n<meta property=\"og:type\" content=\"article\" \/>\n<meta property=\"og:title\" content=\"Masque hydratant express - Floriane H\" \/>\n<meta property=\"og:description\" content=\"Qu\u2019ils soient \u00e0 tendance brillante ou tr\u00e8s inconfortable 80% des \u00e9pidermes manquent d\u2019eau. Le masque visage bio HYDRATANT EXPRESS avec sa texture gel est un soin hydratant v\u00e9ritable \u00ab coupe-soif \u00bb de la peau. L\u2019oxyg\u00e8ne actif contenu dans l\u2019extrait de fenouil marin permet en plus une activation des \u00e9changes cellulaires ainsi qu\u2019une action imm\u00e9diate sur [&hellip;]\" \/>\n<meta property=\"og:url\" content=\"https:\/\/florianehaudebault.fr\/index.php\/product\/masque-hydratant-express\/\" \/>\n<meta property=\"og:site_name\" content=\"Floriane H\" \/>\n<meta property=\"article:modified_time\" content=\"2021-04-12T13:57:16+00:00\" \/>\n<meta property=\"og:image\" content=\"https:\/\/florianehaudebault.fr\/wp-content\/uploads\/2021\/03\/masq-hydrat-express-tube50ml-2018-.png\" \/>\n\t<meta property=\"og:image:width\" content=\"360\" \/>\n\t<meta property=\"og:image:height\" content=\"360\" \/>\n\t<meta property=\"og:image:type\" content=\"image\/png\" \/>\n<meta name=\"twitter:card\" content=\"summary_large_image\" \/>\n<meta name=\"twitter:label1\" content=\"Dur\u00e9e de lecture estim\u00e9e\" \/>\n\t<meta name=\"twitter:data1\" content=\"1 minute\" \/>\n<script type=\"application\/ld+json\" class=\"yoast-schema-graph\">{\"@context\":\"https:\\\/\\\/schema.org\",\"@graph\":[{\"@type\":\"WebPage\",\"@id\":\"https:\\\/\\\/florianehaudebault.fr\\\/index.php\\\/product\\\/masque-hydratant-express\\\/\",\"url\":\"https:\\\/\\\/florianehaudebault.fr\\\/index.php\\\/product\\\/masque-hydratant-express\\\/\",\"name\":\"Masque hydratant express - Floriane H\",\"isPartOf\":{\"@id\":\"https:\\\/\\\/florianehaudebault.fr\\\/#website\"},\"datePublished\":\"2021-03-11T20:37:21+00:00\",\"dateModified\":\"2021-04-12T13:57:16+00:00\",\"breadcrumb\":{\"@id\":\"https:\\\/\\\/florianehaudebault.fr\\\/index.php\\\/product\\\/masque-hydratant-express\\\/#breadcrumb\"},\"inLanguage\":\"fr-FR\",\"potentialAction\":[{\"@type\":\"ReadAction\",\"target\":[\"https:\\\/\\\/florianehaudebault.fr\\\/index.php\\\/product\\\/masque-hydratant-express\\\/\"]}]},{\"@type\":\"BreadcrumbList\",\"@id\":\"https:\\\/\\\/florianehaudebault.fr\\\/index.php\\\/product\\\/masque-hydratant-express\\\/#breadcrumb\",\"itemListElement\":[{\"@type\":\"ListItem\",\"position\":1,\"name\":\"Accueil\",\"item\":\"https:\\\/\\\/florianehaudebault.fr\\\/\"},{\"@type\":\"ListItem\",\"position\":2,\"name\":\"Boutique\",\"item\":\"https:\\\/\\\/florianehaudebault.fr\\\/index.php\\\/boutique\\\/\"},{\"@type\":\"ListItem\",\"position\":3,\"name\":\"Masque hydratant express\"}]},{\"@type\":\"WebSite\",\"@id\":\"https:\\\/\\\/florianehaudebault.fr\\\/#website\",\"url\":\"https:\\\/\\\/florianehaudebault.fr\\\/\",\"name\":\"Floriane H\",\"description\":\"Institut de beaut\u00e9 et de bien-\u00eatre \u00e0 Vivy\",\"potentialAction\":[{\"@type\":\"SearchAction\",\"target\":{\"@type\":\"EntryPoint\",\"urlTemplate\":\"https:\\\/\\\/florianehaudebault.fr\\\/?s={search_term_string}\"},\"query-input\":{\"@type\":\"PropertyValueSpecification\",\"valueRequired\":true,\"valueName\":\"search_term_string\"}}],\"inLanguage\":\"fr-FR\"}]}<\/script>\n<!-- \/ Yoast SEO plugin. -->","yoast_head_json":{"title":"Masque hydratant express - Floriane H","robots":{"index":"index","follow":"follow","max-snippet":"max-snippet:-1","max-image-preview":"max-image-preview:large","max-video-preview":"max-video-preview:-1"},"canonical":"https:\/\/florianehaudebault.fr\/index.php\/product\/masque-hydratant-express\/","og_locale":"fr_FR","og_type":"article","og_title":"Masque hydratant express - Floriane H","og_description":"Qu\u2019ils soient \u00e0 tendance brillante ou tr\u00e8s inconfortable 80% des \u00e9pidermes manquent d\u2019eau. Le masque visage bio HYDRATANT EXPRESS avec sa texture gel est un soin hydratant v\u00e9ritable \u00ab coupe-soif \u00bb de la peau. L\u2019oxyg\u00e8ne actif contenu dans l\u2019extrait de fenouil marin permet en plus une activation des \u00e9changes cellulaires ainsi qu\u2019une action imm\u00e9diate sur [&hellip;]","og_url":"https:\/\/florianehaudebault.fr\/index.php\/product\/masque-hydratant-express\/","og_site_name":"Floriane H","article_modified_time":"2021-04-12T13:57:16+00:00","og_image":[{"width":360,"height":360,"url":"https:\/\/florianehaudebault.fr\/wp-content\/uploads\/2021\/03\/masq-hydrat-express-tube50ml-2018-.png","type":"image\/png"}],"twitter_card":"summary_large_image","twitter_misc":{"Dur\u00e9e de lecture estim\u00e9e":"1 minute"},"schema":{"@context":"https:\/\/schema.org","@graph":[{"@type":"WebPage","@id":"https:\/\/florianehaudebault.fr\/index.php\/product\/masque-hydratant-express\/","url":"https:\/\/florianehaudebault.fr\/index.php\/product\/masque-hydratant-express\/","name":"Masque hydratant express - Floriane H","isPartOf":{"@id":"https:\/\/florianehaudebault.fr\/#website"},"datePublished":"2021-03-11T20:37:21+00:00","dateModified":"2021-04-12T13:57:16+00:00","breadcrumb":{"@id":"https:\/\/florianehaudebault.fr\/index.php\/product\/masque-hydratant-express\/#breadcrumb"},"inLanguage":"fr-FR","potentialAction":[{"@type":"ReadAction","target":["https:\/\/florianehaudebault.fr\/index.php\/product\/masque-hydratant-express\/"]}]},{"@type":"BreadcrumbList","@id":"https:\/\/florianehaudebault.fr\/index.php\/product\/masque-hydratant-express\/#breadcrumb","itemListElement":[{"@type":"ListItem","position":1,"name":"Accueil","item":"https:\/\/florianehaudebault.fr\/"},{"@type":"ListItem","position":2,"name":"Boutique","item":"https:\/\/florianehaudebault.fr\/index.php\/boutique\/"},{"@type":"ListItem","position":3,"name":"Masque hydratant express"}]},{"@type":"WebSite","@id":"https:\/\/florianehaudebault.fr\/#website","url":"https:\/\/florianehaudebault.fr\/","name":"Floriane H","description":"Institut de beaut\u00e9 et de bien-\u00eatre \u00e0 Vivy","potentialAction":[{"@type":"SearchAction","target":{"@type":"EntryPoint","urlTemplate":"https:\/\/florianehaudebault.fr\/?s={search_term_string}"},"query-input":{"@type":"PropertyValueSpecification","valueRequired":true,"valueName":"search_term_string"}}],"inLanguage":"fr-FR"}]}},"_links":{"self":[{"href":"https:\/\/florianehaudebault.fr\/index.php\/wp-json\/wp\/v2\/product\/762261","targetHints":{"allow":["GET"]}}],"collection":[{"href":"https:\/\/florianehaudebault.fr\/index.php\/wp-json\/wp\/v2\/product"}],"about":[{"href":"https:\/\/florianehaudebault.fr\/index.php\/wp-json\/wp\/v2\/types\/product"}],"wp:attachment":[{"href":"https:\/\/florianehaudebault.fr\/index.php\/wp-json\/wp\/v2\/media?parent=762261"}],"wp:term":[{"taxonomy":"product_brand","embeddable":true,"href":"https:\/\/florianehaudebault.fr\/index.php\/wp-json\/wp\/v2\/product_brand?post=762261"},{"taxonomy":"product_cat","embeddable":true,"href":"https:\/\/florianehaudebault.fr\/index.php\/wp-json\/wp\/v2\/product_cat?post=762261"},{"taxonomy":"product_tag","embeddable":true,"href":"https:\/\/florianehaudebault.fr\/index.php\/wp-json\/wp\/v2\/product_tag?post=762261"}],"curies":[{"name":"wp","href":"https:\/\/api.w.org\/{rel}","templated":true}]}}