{"id":762260,"date":"2021-03-11T21:37:21","date_gmt":"2021-03-11T20:37:21","guid":{"rendered":"https:\/\/institut-florilege.fr\/index.php\/product\/masque-contre-temps\/"},"modified":"2021-05-19T17:27:58","modified_gmt":"2021-05-19T15:27:58","slug":"masque-contre-temps","status":"publish","type":"product","link":"https:\/\/florianehaudebault.fr\/index.php\/product\/masque-contre-temps\/","title":{"rendered":"Masque contre temps"},"content":{"rendered":"<p>Ce masque visage bio \u00e0 la texture cr\u00e9meuse sans \u00eatre grasse permet une action compl\u00e8te sur le microrelief cutan\u00e9.<\/p>\n<p>Le bourgeon de h\u00eatre bio participant \u00e0 l\u2019augmentation de la consommation d\u2019oxyg\u00e8ne des cellules de votre peau, les toxines sont ainsi mieux \u00e9limin\u00e9es et les nutriments mieux assimil\u00e9s.<\/p>\n<p>L\u2019extrait de foug\u00e8res bio de Nouvelle Z\u00e9lande contenu dans le masque anti-\u00e2ge bio CONTRE-TEMPS apportera ses vertus lissantes et l\u2019infusion de bleuet bio ses propri\u00e9t\u00e9s adoucissantes.<\/p>\n<p>Avec ce soin visage bio, le visage est mis en lumi\u00e8re, les contours retravaill\u00e9s et votre peau a fait le plein d\u2019actifs cibl\u00e9s.<\/p>\n","protected":false},"excerpt":{"rendered":"<p>Ce masque visage bio \u00e0 la texture cr\u00e9meuse sans \u00eatre grasse permet une action compl\u00e8te sur le microrelief cutan\u00e9. Le bourgeon de h\u00eatre bio participant \u00e0 l\u2019augmentation de la consommation d\u2019oxyg\u00e8ne des cellules de votre peau, les toxines sont ainsi mieux \u00e9limin\u00e9es et les nutriments mieux assimil\u00e9s. L\u2019extrait de foug\u00e8res bio de Nouvelle Z\u00e9lande contenu [&hellip;]<\/p>\n","protected":false},"featured_media":1210984,"template":"","meta":{"_et_pb_use_builder":"","_et_pb_old_content":"","_et_gb_content_width":"","_monsterinsights_skip_tracking":false,"_monsterinsights_sitenote_active":false,"_monsterinsights_sitenote_note":"","_monsterinsights_sitenote_category":0},"product_brand":[],"product_cat":[19,61],"product_tag":[],"class_list":{"0":"post-762260","1":"product","2":"type-product","3":"status-publish","4":"has-post-thumbnail","6":"product_cat-cosmetiques-corps-et-visage-bio","7":"product_cat-produits-visage","9":"first","10":"instock","11":"shipping-taxable","12":"purchasable","13":"product-type-simple"},"yoast_head":"<!-- This site is optimized with the Yoast SEO plugin v27.4 - https:\/\/yoast.com\/product\/yoast-seo-wordpress\/ -->\n<title>Masque contre temps - Floriane H<\/title>\n<meta name=\"robots\" content=\"index, follow, max-snippet:-1, max-image-preview:large, max-video-preview:-1\" \/>\n<link rel=\"canonical\" href=\"https:\/\/florianehaudebault.fr\/index.php\/product\/masque-contre-temps\/\" \/>\n<meta property=\"og:locale\" content=\"fr_FR\" \/>\n<meta property=\"og:type\" content=\"article\" \/>\n<meta property=\"og:title\" content=\"Masque contre temps - Floriane H\" \/>\n<meta property=\"og:description\" content=\"Ce masque visage bio \u00e0 la texture cr\u00e9meuse sans \u00eatre grasse permet une action compl\u00e8te sur le microrelief cutan\u00e9. Le bourgeon de h\u00eatre bio participant \u00e0 l\u2019augmentation de la consommation d\u2019oxyg\u00e8ne des cellules de votre peau, les toxines sont ainsi mieux \u00e9limin\u00e9es et les nutriments mieux assimil\u00e9s. L\u2019extrait de foug\u00e8res bio de Nouvelle Z\u00e9lande contenu [&hellip;]\" \/>\n<meta property=\"og:url\" content=\"https:\/\/florianehaudebault.fr\/index.php\/product\/masque-contre-temps\/\" \/>\n<meta property=\"og:site_name\" content=\"Floriane H\" \/>\n<meta property=\"article:modified_time\" content=\"2021-05-19T15:27:58+00:00\" \/>\n<meta property=\"og:image\" content=\"https:\/\/florianehaudebault.fr\/wp-content\/uploads\/2021\/03\/masque_contre_temps_50_ml.png\" \/>\n\t<meta property=\"og:image:width\" content=\"485\" \/>\n\t<meta property=\"og:image:height\" content=\"1024\" \/>\n\t<meta property=\"og:image:type\" content=\"image\/png\" \/>\n<meta name=\"twitter:card\" content=\"summary_large_image\" \/>\n<meta name=\"twitter:label1\" content=\"Dur\u00e9e de lecture estim\u00e9e\" \/>\n\t<meta name=\"twitter:data1\" content=\"1 minute\" \/>\n<script type=\"application\/ld+json\" class=\"yoast-schema-graph\">{\"@context\":\"https:\\\/\\\/schema.org\",\"@graph\":[{\"@type\":\"WebPage\",\"@id\":\"https:\\\/\\\/florianehaudebault.fr\\\/index.php\\\/product\\\/masque-contre-temps\\\/\",\"url\":\"https:\\\/\\\/florianehaudebault.fr\\\/index.php\\\/product\\\/masque-contre-temps\\\/\",\"name\":\"Masque contre temps - Floriane H\",\"isPartOf\":{\"@id\":\"https:\\\/\\\/florianehaudebault.fr\\\/#website\"},\"primaryImageOfPage\":{\"@id\":\"https:\\\/\\\/florianehaudebault.fr\\\/index.php\\\/product\\\/masque-contre-temps\\\/#primaryimage\"},\"image\":{\"@id\":\"https:\\\/\\\/florianehaudebault.fr\\\/index.php\\\/product\\\/masque-contre-temps\\\/#primaryimage\"},\"thumbnailUrl\":\"https:\\\/\\\/florianehaudebault.fr\\\/wp-content\\\/uploads\\\/2021\\\/03\\\/masque_contre_temps_50_ml.png\",\"datePublished\":\"2021-03-11T20:37:21+00:00\",\"dateModified\":\"2021-05-19T15:27:58+00:00\",\"breadcrumb\":{\"@id\":\"https:\\\/\\\/florianehaudebault.fr\\\/index.php\\\/product\\\/masque-contre-temps\\\/#breadcrumb\"},\"inLanguage\":\"fr-FR\",\"potentialAction\":[{\"@type\":\"ReadAction\",\"target\":[\"https:\\\/\\\/florianehaudebault.fr\\\/index.php\\\/product\\\/masque-contre-temps\\\/\"]}]},{\"@type\":\"ImageObject\",\"inLanguage\":\"fr-FR\",\"@id\":\"https:\\\/\\\/florianehaudebault.fr\\\/index.php\\\/product\\\/masque-contre-temps\\\/#primaryimage\",\"url\":\"https:\\\/\\\/florianehaudebault.fr\\\/wp-content\\\/uploads\\\/2021\\\/03\\\/masque_contre_temps_50_ml.png\",\"contentUrl\":\"https:\\\/\\\/florianehaudebault.fr\\\/wp-content\\\/uploads\\\/2021\\\/03\\\/masque_contre_temps_50_ml.png\",\"width\":849,\"height\":1793},{\"@type\":\"BreadcrumbList\",\"@id\":\"https:\\\/\\\/florianehaudebault.fr\\\/index.php\\\/product\\\/masque-contre-temps\\\/#breadcrumb\",\"itemListElement\":[{\"@type\":\"ListItem\",\"position\":1,\"name\":\"Accueil\",\"item\":\"https:\\\/\\\/florianehaudebault.fr\\\/\"},{\"@type\":\"ListItem\",\"position\":2,\"name\":\"Boutique\",\"item\":\"https:\\\/\\\/florianehaudebault.fr\\\/index.php\\\/boutique\\\/\"},{\"@type\":\"ListItem\",\"position\":3,\"name\":\"Masque contre temps\"}]},{\"@type\":\"WebSite\",\"@id\":\"https:\\\/\\\/florianehaudebault.fr\\\/#website\",\"url\":\"https:\\\/\\\/florianehaudebault.fr\\\/\",\"name\":\"Floriane H\",\"description\":\"Institut de beaut\u00e9 et de bien-\u00eatre \u00e0 Vivy\",\"potentialAction\":[{\"@type\":\"SearchAction\",\"target\":{\"@type\":\"EntryPoint\",\"urlTemplate\":\"https:\\\/\\\/florianehaudebault.fr\\\/?s={search_term_string}\"},\"query-input\":{\"@type\":\"PropertyValueSpecification\",\"valueRequired\":true,\"valueName\":\"search_term_string\"}}],\"inLanguage\":\"fr-FR\"}]}<\/script>\n<!-- \/ Yoast SEO plugin. -->","yoast_head_json":{"title":"Masque contre temps - Floriane H","robots":{"index":"index","follow":"follow","max-snippet":"max-snippet:-1","max-image-preview":"max-image-preview:large","max-video-preview":"max-video-preview:-1"},"canonical":"https:\/\/florianehaudebault.fr\/index.php\/product\/masque-contre-temps\/","og_locale":"fr_FR","og_type":"article","og_title":"Masque contre temps - Floriane H","og_description":"Ce masque visage bio \u00e0 la texture cr\u00e9meuse sans \u00eatre grasse permet une action compl\u00e8te sur le microrelief cutan\u00e9. Le bourgeon de h\u00eatre bio participant \u00e0 l\u2019augmentation de la consommation d\u2019oxyg\u00e8ne des cellules de votre peau, les toxines sont ainsi mieux \u00e9limin\u00e9es et les nutriments mieux assimil\u00e9s. L\u2019extrait de foug\u00e8res bio de Nouvelle Z\u00e9lande contenu [&hellip;]","og_url":"https:\/\/florianehaudebault.fr\/index.php\/product\/masque-contre-temps\/","og_site_name":"Floriane H","article_modified_time":"2021-05-19T15:27:58+00:00","og_image":[{"url":"https:\/\/florianehaudebault.fr\/wp-content\/uploads\/2021\/03\/masque_contre_temps_50_ml.png","width":485,"height":1024,"type":"image\/png"}],"twitter_card":"summary_large_image","twitter_misc":{"Dur\u00e9e de lecture estim\u00e9e":"1 minute"},"schema":{"@context":"https:\/\/schema.org","@graph":[{"@type":"WebPage","@id":"https:\/\/florianehaudebault.fr\/index.php\/product\/masque-contre-temps\/","url":"https:\/\/florianehaudebault.fr\/index.php\/product\/masque-contre-temps\/","name":"Masque contre temps - Floriane H","isPartOf":{"@id":"https:\/\/florianehaudebault.fr\/#website"},"primaryImageOfPage":{"@id":"https:\/\/florianehaudebault.fr\/index.php\/product\/masque-contre-temps\/#primaryimage"},"image":{"@id":"https:\/\/florianehaudebault.fr\/index.php\/product\/masque-contre-temps\/#primaryimage"},"thumbnailUrl":"https:\/\/florianehaudebault.fr\/wp-content\/uploads\/2021\/03\/masque_contre_temps_50_ml.png","datePublished":"2021-03-11T20:37:21+00:00","dateModified":"2021-05-19T15:27:58+00:00","breadcrumb":{"@id":"https:\/\/florianehaudebault.fr\/index.php\/product\/masque-contre-temps\/#breadcrumb"},"inLanguage":"fr-FR","potentialAction":[{"@type":"ReadAction","target":["https:\/\/florianehaudebault.fr\/index.php\/product\/masque-contre-temps\/"]}]},{"@type":"ImageObject","inLanguage":"fr-FR","@id":"https:\/\/florianehaudebault.fr\/index.php\/product\/masque-contre-temps\/#primaryimage","url":"https:\/\/florianehaudebault.fr\/wp-content\/uploads\/2021\/03\/masque_contre_temps_50_ml.png","contentUrl":"https:\/\/florianehaudebault.fr\/wp-content\/uploads\/2021\/03\/masque_contre_temps_50_ml.png","width":849,"height":1793},{"@type":"BreadcrumbList","@id":"https:\/\/florianehaudebault.fr\/index.php\/product\/masque-contre-temps\/#breadcrumb","itemListElement":[{"@type":"ListItem","position":1,"name":"Accueil","item":"https:\/\/florianehaudebault.fr\/"},{"@type":"ListItem","position":2,"name":"Boutique","item":"https:\/\/florianehaudebault.fr\/index.php\/boutique\/"},{"@type":"ListItem","position":3,"name":"Masque contre temps"}]},{"@type":"WebSite","@id":"https:\/\/florianehaudebault.fr\/#website","url":"https:\/\/florianehaudebault.fr\/","name":"Floriane H","description":"Institut de beaut\u00e9 et de bien-\u00eatre \u00e0 Vivy","potentialAction":[{"@type":"SearchAction","target":{"@type":"EntryPoint","urlTemplate":"https:\/\/florianehaudebault.fr\/?s={search_term_string}"},"query-input":{"@type":"PropertyValueSpecification","valueRequired":true,"valueName":"search_term_string"}}],"inLanguage":"fr-FR"}]}},"_links":{"self":[{"href":"https:\/\/florianehaudebault.fr\/index.php\/wp-json\/wp\/v2\/product\/762260","targetHints":{"allow":["GET"]}}],"collection":[{"href":"https:\/\/florianehaudebault.fr\/index.php\/wp-json\/wp\/v2\/product"}],"about":[{"href":"https:\/\/florianehaudebault.fr\/index.php\/wp-json\/wp\/v2\/types\/product"}],"wp:featuredmedia":[{"embeddable":true,"href":"https:\/\/florianehaudebault.fr\/index.php\/wp-json\/wp\/v2\/media\/1210984"}],"wp:attachment":[{"href":"https:\/\/florianehaudebault.fr\/index.php\/wp-json\/wp\/v2\/media?parent=762260"}],"wp:term":[{"taxonomy":"product_brand","embeddable":true,"href":"https:\/\/florianehaudebault.fr\/index.php\/wp-json\/wp\/v2\/product_brand?post=762260"},{"taxonomy":"product_cat","embeddable":true,"href":"https:\/\/florianehaudebault.fr\/index.php\/wp-json\/wp\/v2\/product_cat?post=762260"},{"taxonomy":"product_tag","embeddable":true,"href":"https:\/\/florianehaudebault.fr\/index.php\/wp-json\/wp\/v2\/product_tag?post=762260"}],"curies":[{"name":"wp","href":"https:\/\/api.w.org\/{rel}","templated":true}]}}