{"id":762256,"date":"2021-03-11T21:37:20","date_gmt":"2021-03-11T20:37:20","guid":{"rendered":"https:\/\/institut-florilege.fr\/index.php\/product\/creme-souveraine-rechargeable\/"},"modified":"2022-10-28T15:12:00","modified_gmt":"2022-10-28T13:12:00","slug":"creme-souveraine-rechargeable","status":"publish","type":"product","link":"https:\/\/florianehaudebault.fr\/index.php\/product\/creme-souveraine-rechargeable\/","title":{"rendered":"Cr\u00e8me souveraine RECHARGEABLE"},"content":{"rendered":"<p>Ultra protectrice la cr\u00e8me nourrissante visage bio SOUVERAINE constitue un v\u00e9ritable bouclier pour le soin des peaux inconfortables.<\/p>\n<p>D\u00e8s l&rsquo;application vous ressentez les bienfaits du beurre de karit\u00e9 Bio (hydratant* et r\u00e9parateur) qui nourrit efficacement votre peau et la laisse souple et douce.<\/p>\n<p>La lavande de mer contenue dans la cr\u00e8me nourrissante visage bio SOUVERAINE apporte son action r\u00e9g\u00e9n\u00e9rante et votre peau est prot\u00e9g\u00e9e des agressions ext\u00e9rieures (pollution, froid&#8230;) : mieux arm\u00e9e la peau se d\u00e9fend mieux.<\/p>\n<p>Quant au calendula bio, il apaise les \u00e9ventuelles irritations.<\/p>\n","protected":false},"excerpt":{"rendered":"<p>Ultra protectrice la cr\u00e8me nourrissante visage bio SOUVERAINE constitue un v\u00e9ritable bouclier pour le soin des peaux inconfortables. D\u00e8s l&rsquo;application vous ressentez les bienfaits du beurre de karit\u00e9 Bio (hydratant* et r\u00e9parateur) qui nourrit efficacement votre peau et la laisse souple et douce. La lavande de mer contenue dans la cr\u00e8me nourrissante visage bio SOUVERAINE [&hellip;]<\/p>\n","protected":false},"featured_media":0,"template":"","meta":{"_et_pb_use_builder":"","_et_pb_old_content":"","_et_gb_content_width":"","_monsterinsights_skip_tracking":false,"_monsterinsights_sitenote_active":false,"_monsterinsights_sitenote_note":"","_monsterinsights_sitenote_category":0},"product_brand":[],"product_cat":[19,61],"product_tag":[],"class_list":{"0":"post-762256","1":"product","2":"type-product","3":"status-publish","5":"product_cat-cosmetiques-corps-et-visage-bio","6":"product_cat-produits-visage","8":"first","9":"instock","10":"shipping-taxable","11":"purchasable","12":"product-type-simple"},"yoast_head":"<!-- This site is optimized with the Yoast SEO plugin v27.4 - https:\/\/yoast.com\/product\/yoast-seo-wordpress\/ -->\n<title>Cr\u00e8me souveraine RECHARGEABLE - Floriane H<\/title>\n<meta name=\"robots\" content=\"index, follow, max-snippet:-1, max-image-preview:large, max-video-preview:-1\" \/>\n<link rel=\"canonical\" href=\"https:\/\/florianehaudebault.fr\/index.php\/product\/creme-souveraine-rechargeable\/\" \/>\n<meta property=\"og:locale\" content=\"fr_FR\" \/>\n<meta property=\"og:type\" content=\"article\" \/>\n<meta property=\"og:title\" content=\"Cr\u00e8me souveraine RECHARGEABLE - Floriane H\" \/>\n<meta property=\"og:description\" content=\"Ultra protectrice la cr\u00e8me nourrissante visage bio SOUVERAINE constitue un v\u00e9ritable bouclier pour le soin des peaux inconfortables. D\u00e8s l&rsquo;application vous ressentez les bienfaits du beurre de karit\u00e9 Bio (hydratant* et r\u00e9parateur) qui nourrit efficacement votre peau et la laisse souple et douce. La lavande de mer contenue dans la cr\u00e8me nourrissante visage bio SOUVERAINE [&hellip;]\" \/>\n<meta property=\"og:url\" content=\"https:\/\/florianehaudebault.fr\/index.php\/product\/creme-souveraine-rechargeable\/\" \/>\n<meta property=\"og:site_name\" content=\"Floriane H\" \/>\n<meta property=\"article:modified_time\" content=\"2022-10-28T13:12:00+00:00\" \/>\n<meta property=\"og:image\" content=\"https:\/\/florianehaudebault.fr\/wp-content\/uploads\/2021\/03\/pot-creme-souveraine-0-.png\" \/>\n\t<meta property=\"og:image:width\" content=\"360\" \/>\n\t<meta property=\"og:image:height\" content=\"360\" \/>\n\t<meta property=\"og:image:type\" content=\"image\/png\" \/>\n<meta name=\"twitter:card\" content=\"summary_large_image\" \/>\n<script type=\"application\/ld+json\" class=\"yoast-schema-graph\">{\"@context\":\"https:\\\/\\\/schema.org\",\"@graph\":[{\"@type\":\"WebPage\",\"@id\":\"https:\\\/\\\/florianehaudebault.fr\\\/index.php\\\/product\\\/creme-souveraine-rechargeable\\\/\",\"url\":\"https:\\\/\\\/florianehaudebault.fr\\\/index.php\\\/product\\\/creme-souveraine-rechargeable\\\/\",\"name\":\"Cr\u00e8me souveraine RECHARGEABLE - Floriane H\",\"isPartOf\":{\"@id\":\"https:\\\/\\\/florianehaudebault.fr\\\/#website\"},\"datePublished\":\"2021-03-11T20:37:20+00:00\",\"dateModified\":\"2022-10-28T13:12:00+00:00\",\"breadcrumb\":{\"@id\":\"https:\\\/\\\/florianehaudebault.fr\\\/index.php\\\/product\\\/creme-souveraine-rechargeable\\\/#breadcrumb\"},\"inLanguage\":\"fr-FR\",\"potentialAction\":[{\"@type\":\"ReadAction\",\"target\":[\"https:\\\/\\\/florianehaudebault.fr\\\/index.php\\\/product\\\/creme-souveraine-rechargeable\\\/\"]}]},{\"@type\":\"BreadcrumbList\",\"@id\":\"https:\\\/\\\/florianehaudebault.fr\\\/index.php\\\/product\\\/creme-souveraine-rechargeable\\\/#breadcrumb\",\"itemListElement\":[{\"@type\":\"ListItem\",\"position\":1,\"name\":\"Accueil\",\"item\":\"https:\\\/\\\/florianehaudebault.fr\\\/\"},{\"@type\":\"ListItem\",\"position\":2,\"name\":\"Boutique\",\"item\":\"https:\\\/\\\/florianehaudebault.fr\\\/index.php\\\/boutique\\\/\"},{\"@type\":\"ListItem\",\"position\":3,\"name\":\"Cr\u00e8me souveraine RECHARGEABLE\"}]},{\"@type\":\"WebSite\",\"@id\":\"https:\\\/\\\/florianehaudebault.fr\\\/#website\",\"url\":\"https:\\\/\\\/florianehaudebault.fr\\\/\",\"name\":\"Floriane H\",\"description\":\"Institut de beaut\u00e9 et de bien-\u00eatre \u00e0 Vivy\",\"potentialAction\":[{\"@type\":\"SearchAction\",\"target\":{\"@type\":\"EntryPoint\",\"urlTemplate\":\"https:\\\/\\\/florianehaudebault.fr\\\/?s={search_term_string}\"},\"query-input\":{\"@type\":\"PropertyValueSpecification\",\"valueRequired\":true,\"valueName\":\"search_term_string\"}}],\"inLanguage\":\"fr-FR\"}]}<\/script>\n<!-- \/ Yoast SEO plugin. -->","yoast_head_json":{"title":"Cr\u00e8me souveraine RECHARGEABLE - Floriane H","robots":{"index":"index","follow":"follow","max-snippet":"max-snippet:-1","max-image-preview":"max-image-preview:large","max-video-preview":"max-video-preview:-1"},"canonical":"https:\/\/florianehaudebault.fr\/index.php\/product\/creme-souveraine-rechargeable\/","og_locale":"fr_FR","og_type":"article","og_title":"Cr\u00e8me souveraine RECHARGEABLE - Floriane H","og_description":"Ultra protectrice la cr\u00e8me nourrissante visage bio SOUVERAINE constitue un v\u00e9ritable bouclier pour le soin des peaux inconfortables. D\u00e8s l&rsquo;application vous ressentez les bienfaits du beurre de karit\u00e9 Bio (hydratant* et r\u00e9parateur) qui nourrit efficacement votre peau et la laisse souple et douce. La lavande de mer contenue dans la cr\u00e8me nourrissante visage bio SOUVERAINE [&hellip;]","og_url":"https:\/\/florianehaudebault.fr\/index.php\/product\/creme-souveraine-rechargeable\/","og_site_name":"Floriane H","article_modified_time":"2022-10-28T13:12:00+00:00","og_image":[{"width":360,"height":360,"url":"https:\/\/florianehaudebault.fr\/wp-content\/uploads\/2021\/03\/pot-creme-souveraine-0-.png","type":"image\/png"}],"twitter_card":"summary_large_image","schema":{"@context":"https:\/\/schema.org","@graph":[{"@type":"WebPage","@id":"https:\/\/florianehaudebault.fr\/index.php\/product\/creme-souveraine-rechargeable\/","url":"https:\/\/florianehaudebault.fr\/index.php\/product\/creme-souveraine-rechargeable\/","name":"Cr\u00e8me souveraine RECHARGEABLE - Floriane H","isPartOf":{"@id":"https:\/\/florianehaudebault.fr\/#website"},"datePublished":"2021-03-11T20:37:20+00:00","dateModified":"2022-10-28T13:12:00+00:00","breadcrumb":{"@id":"https:\/\/florianehaudebault.fr\/index.php\/product\/creme-souveraine-rechargeable\/#breadcrumb"},"inLanguage":"fr-FR","potentialAction":[{"@type":"ReadAction","target":["https:\/\/florianehaudebault.fr\/index.php\/product\/creme-souveraine-rechargeable\/"]}]},{"@type":"BreadcrumbList","@id":"https:\/\/florianehaudebault.fr\/index.php\/product\/creme-souveraine-rechargeable\/#breadcrumb","itemListElement":[{"@type":"ListItem","position":1,"name":"Accueil","item":"https:\/\/florianehaudebault.fr\/"},{"@type":"ListItem","position":2,"name":"Boutique","item":"https:\/\/florianehaudebault.fr\/index.php\/boutique\/"},{"@type":"ListItem","position":3,"name":"Cr\u00e8me souveraine RECHARGEABLE"}]},{"@type":"WebSite","@id":"https:\/\/florianehaudebault.fr\/#website","url":"https:\/\/florianehaudebault.fr\/","name":"Floriane H","description":"Institut de beaut\u00e9 et de bien-\u00eatre \u00e0 Vivy","potentialAction":[{"@type":"SearchAction","target":{"@type":"EntryPoint","urlTemplate":"https:\/\/florianehaudebault.fr\/?s={search_term_string}"},"query-input":{"@type":"PropertyValueSpecification","valueRequired":true,"valueName":"search_term_string"}}],"inLanguage":"fr-FR"}]}},"_links":{"self":[{"href":"https:\/\/florianehaudebault.fr\/index.php\/wp-json\/wp\/v2\/product\/762256","targetHints":{"allow":["GET"]}}],"collection":[{"href":"https:\/\/florianehaudebault.fr\/index.php\/wp-json\/wp\/v2\/product"}],"about":[{"href":"https:\/\/florianehaudebault.fr\/index.php\/wp-json\/wp\/v2\/types\/product"}],"wp:attachment":[{"href":"https:\/\/florianehaudebault.fr\/index.php\/wp-json\/wp\/v2\/media?parent=762256"}],"wp:term":[{"taxonomy":"product_brand","embeddable":true,"href":"https:\/\/florianehaudebault.fr\/index.php\/wp-json\/wp\/v2\/product_brand?post=762256"},{"taxonomy":"product_cat","embeddable":true,"href":"https:\/\/florianehaudebault.fr\/index.php\/wp-json\/wp\/v2\/product_cat?post=762256"},{"taxonomy":"product_tag","embeddable":true,"href":"https:\/\/florianehaudebault.fr\/index.php\/wp-json\/wp\/v2\/product_tag?post=762256"}],"curies":[{"name":"wp","href":"https:\/\/api.w.org\/{rel}","templated":true}]}}