{"id":762255,"date":"2021-03-11T21:37:20","date_gmt":"2021-03-11T20:37:20","guid":{"rendered":"https:\/\/institut-florilege.fr\/index.php\/product\/serum-purifiant\/"},"modified":"2021-04-27T15:10:41","modified_gmt":"2021-04-27T13:10:41","slug":"serum-purifiant","status":"publish","type":"product","link":"https:\/\/florianehaudebault.fr\/index.php\/product\/serum-purifiant\/","title":{"rendered":"S\u00e9rum purifiant"},"content":{"rendered":"<p>La texture fraiche de ce s\u00e9rum matifiant bio PURIFIANT INTENSE est \u00e0 elle seul un d\u00e9lice pour les peaux brillantes.<\/p>\n<p>L\u2019utilisation r\u00e9guli\u00e8re de ce soin visage bio permettra gr\u00e2ce aux vertus s\u00e9bo-r\u00e9gulatrices d\u2019une fleur Alpine rare: l\u2019Epilobe des moraines bio d&rsquo;assainir votre peau.<\/p>\n<p>Jour apr\u00e8s jour ce s\u00e9rum matifiant bio PURIFIANT INTENSE aide la peau \u00e0 gagner en nettet\u00e9, en matit\u00e9 et les petites imperfections \u00e0 s\u2019estomper.<\/p>\n","protected":false},"excerpt":{"rendered":"<p>La texture fraiche de ce s\u00e9rum matifiant bio PURIFIANT INTENSE est \u00e0 elle seul un d\u00e9lice pour les peaux brillantes. L\u2019utilisation r\u00e9guli\u00e8re de ce soin visage bio permettra gr\u00e2ce aux vertus s\u00e9bo-r\u00e9gulatrices d\u2019une fleur Alpine rare: l\u2019Epilobe des moraines bio d&rsquo;assainir votre peau. Jour apr\u00e8s jour ce s\u00e9rum matifiant bio PURIFIANT INTENSE aide la peau [&hellip;]<\/p>\n","protected":false},"featured_media":0,"template":"","meta":{"_et_pb_use_builder":"","_et_pb_old_content":"","_et_gb_content_width":"","_monsterinsights_skip_tracking":false,"_monsterinsights_sitenote_active":false,"_monsterinsights_sitenote_note":"","_monsterinsights_sitenote_category":0},"product_brand":[],"product_cat":[19,61],"product_tag":[],"class_list":{"0":"post-762255","1":"product","2":"type-product","3":"status-publish","5":"product_cat-cosmetiques-corps-et-visage-bio","6":"product_cat-produits-visage","8":"first","9":"instock","10":"shipping-taxable","11":"purchasable","12":"product-type-simple"},"yoast_head":"<!-- This site is optimized with the Yoast SEO plugin v27.4 - https:\/\/yoast.com\/product\/yoast-seo-wordpress\/ -->\n<title>S\u00e9rum purifiant - Floriane H<\/title>\n<meta name=\"robots\" content=\"index, follow, max-snippet:-1, max-image-preview:large, max-video-preview:-1\" \/>\n<link rel=\"canonical\" href=\"https:\/\/florianehaudebault.fr\/index.php\/product\/serum-purifiant\/\" \/>\n<meta property=\"og:locale\" content=\"fr_FR\" \/>\n<meta property=\"og:type\" content=\"article\" \/>\n<meta property=\"og:title\" content=\"S\u00e9rum purifiant - Floriane H\" \/>\n<meta property=\"og:description\" content=\"La texture fraiche de ce s\u00e9rum matifiant bio PURIFIANT INTENSE est \u00e0 elle seul un d\u00e9lice pour les peaux brillantes. L\u2019utilisation r\u00e9guli\u00e8re de ce soin visage bio permettra gr\u00e2ce aux vertus s\u00e9bo-r\u00e9gulatrices d\u2019une fleur Alpine rare: l\u2019Epilobe des moraines bio d&rsquo;assainir votre peau. Jour apr\u00e8s jour ce s\u00e9rum matifiant bio PURIFIANT INTENSE aide la peau [&hellip;]\" \/>\n<meta property=\"og:url\" content=\"https:\/\/florianehaudebault.fr\/index.php\/product\/serum-purifiant\/\" \/>\n<meta property=\"og:site_name\" content=\"Floriane H\" \/>\n<meta property=\"article:modified_time\" content=\"2021-04-27T13:10:41+00:00\" \/>\n<meta property=\"og:image\" content=\"https:\/\/florianehaudebault.fr\/wp-content\/uploads\/2021\/03\/serum-purifiant-.jpg\" \/>\n\t<meta property=\"og:image:width\" content=\"360\" \/>\n\t<meta property=\"og:image:height\" content=\"360\" \/>\n\t<meta property=\"og:image:type\" content=\"image\/jpeg\" \/>\n<meta name=\"twitter:card\" content=\"summary_large_image\" \/>\n<script type=\"application\/ld+json\" class=\"yoast-schema-graph\">{\"@context\":\"https:\\\/\\\/schema.org\",\"@graph\":[{\"@type\":\"WebPage\",\"@id\":\"https:\\\/\\\/florianehaudebault.fr\\\/index.php\\\/product\\\/serum-purifiant\\\/\",\"url\":\"https:\\\/\\\/florianehaudebault.fr\\\/index.php\\\/product\\\/serum-purifiant\\\/\",\"name\":\"S\u00e9rum purifiant - Floriane H\",\"isPartOf\":{\"@id\":\"https:\\\/\\\/florianehaudebault.fr\\\/#website\"},\"datePublished\":\"2021-03-11T20:37:20+00:00\",\"dateModified\":\"2021-04-27T13:10:41+00:00\",\"breadcrumb\":{\"@id\":\"https:\\\/\\\/florianehaudebault.fr\\\/index.php\\\/product\\\/serum-purifiant\\\/#breadcrumb\"},\"inLanguage\":\"fr-FR\",\"potentialAction\":[{\"@type\":\"ReadAction\",\"target\":[\"https:\\\/\\\/florianehaudebault.fr\\\/index.php\\\/product\\\/serum-purifiant\\\/\"]}]},{\"@type\":\"BreadcrumbList\",\"@id\":\"https:\\\/\\\/florianehaudebault.fr\\\/index.php\\\/product\\\/serum-purifiant\\\/#breadcrumb\",\"itemListElement\":[{\"@type\":\"ListItem\",\"position\":1,\"name\":\"Accueil\",\"item\":\"https:\\\/\\\/florianehaudebault.fr\\\/\"},{\"@type\":\"ListItem\",\"position\":2,\"name\":\"Boutique\",\"item\":\"https:\\\/\\\/florianehaudebault.fr\\\/index.php\\\/boutique\\\/\"},{\"@type\":\"ListItem\",\"position\":3,\"name\":\"S\u00e9rum purifiant\"}]},{\"@type\":\"WebSite\",\"@id\":\"https:\\\/\\\/florianehaudebault.fr\\\/#website\",\"url\":\"https:\\\/\\\/florianehaudebault.fr\\\/\",\"name\":\"Floriane H\",\"description\":\"Institut de beaut\u00e9 et de bien-\u00eatre \u00e0 Vivy\",\"potentialAction\":[{\"@type\":\"SearchAction\",\"target\":{\"@type\":\"EntryPoint\",\"urlTemplate\":\"https:\\\/\\\/florianehaudebault.fr\\\/?s={search_term_string}\"},\"query-input\":{\"@type\":\"PropertyValueSpecification\",\"valueRequired\":true,\"valueName\":\"search_term_string\"}}],\"inLanguage\":\"fr-FR\"}]}<\/script>\n<!-- \/ Yoast SEO plugin. -->","yoast_head_json":{"title":"S\u00e9rum purifiant - Floriane H","robots":{"index":"index","follow":"follow","max-snippet":"max-snippet:-1","max-image-preview":"max-image-preview:large","max-video-preview":"max-video-preview:-1"},"canonical":"https:\/\/florianehaudebault.fr\/index.php\/product\/serum-purifiant\/","og_locale":"fr_FR","og_type":"article","og_title":"S\u00e9rum purifiant - Floriane H","og_description":"La texture fraiche de ce s\u00e9rum matifiant bio PURIFIANT INTENSE est \u00e0 elle seul un d\u00e9lice pour les peaux brillantes. L\u2019utilisation r\u00e9guli\u00e8re de ce soin visage bio permettra gr\u00e2ce aux vertus s\u00e9bo-r\u00e9gulatrices d\u2019une fleur Alpine rare: l\u2019Epilobe des moraines bio d&rsquo;assainir votre peau. Jour apr\u00e8s jour ce s\u00e9rum matifiant bio PURIFIANT INTENSE aide la peau [&hellip;]","og_url":"https:\/\/florianehaudebault.fr\/index.php\/product\/serum-purifiant\/","og_site_name":"Floriane H","article_modified_time":"2021-04-27T13:10:41+00:00","og_image":[{"width":360,"height":360,"url":"https:\/\/florianehaudebault.fr\/wp-content\/uploads\/2021\/03\/serum-purifiant-.jpg","type":"image\/jpeg"}],"twitter_card":"summary_large_image","schema":{"@context":"https:\/\/schema.org","@graph":[{"@type":"WebPage","@id":"https:\/\/florianehaudebault.fr\/index.php\/product\/serum-purifiant\/","url":"https:\/\/florianehaudebault.fr\/index.php\/product\/serum-purifiant\/","name":"S\u00e9rum purifiant - Floriane H","isPartOf":{"@id":"https:\/\/florianehaudebault.fr\/#website"},"datePublished":"2021-03-11T20:37:20+00:00","dateModified":"2021-04-27T13:10:41+00:00","breadcrumb":{"@id":"https:\/\/florianehaudebault.fr\/index.php\/product\/serum-purifiant\/#breadcrumb"},"inLanguage":"fr-FR","potentialAction":[{"@type":"ReadAction","target":["https:\/\/florianehaudebault.fr\/index.php\/product\/serum-purifiant\/"]}]},{"@type":"BreadcrumbList","@id":"https:\/\/florianehaudebault.fr\/index.php\/product\/serum-purifiant\/#breadcrumb","itemListElement":[{"@type":"ListItem","position":1,"name":"Accueil","item":"https:\/\/florianehaudebault.fr\/"},{"@type":"ListItem","position":2,"name":"Boutique","item":"https:\/\/florianehaudebault.fr\/index.php\/boutique\/"},{"@type":"ListItem","position":3,"name":"S\u00e9rum purifiant"}]},{"@type":"WebSite","@id":"https:\/\/florianehaudebault.fr\/#website","url":"https:\/\/florianehaudebault.fr\/","name":"Floriane H","description":"Institut de beaut\u00e9 et de bien-\u00eatre \u00e0 Vivy","potentialAction":[{"@type":"SearchAction","target":{"@type":"EntryPoint","urlTemplate":"https:\/\/florianehaudebault.fr\/?s={search_term_string}"},"query-input":{"@type":"PropertyValueSpecification","valueRequired":true,"valueName":"search_term_string"}}],"inLanguage":"fr-FR"}]}},"_links":{"self":[{"href":"https:\/\/florianehaudebault.fr\/index.php\/wp-json\/wp\/v2\/product\/762255","targetHints":{"allow":["GET"]}}],"collection":[{"href":"https:\/\/florianehaudebault.fr\/index.php\/wp-json\/wp\/v2\/product"}],"about":[{"href":"https:\/\/florianehaudebault.fr\/index.php\/wp-json\/wp\/v2\/types\/product"}],"wp:attachment":[{"href":"https:\/\/florianehaudebault.fr\/index.php\/wp-json\/wp\/v2\/media?parent=762255"}],"wp:term":[{"taxonomy":"product_brand","embeddable":true,"href":"https:\/\/florianehaudebault.fr\/index.php\/wp-json\/wp\/v2\/product_brand?post=762255"},{"taxonomy":"product_cat","embeddable":true,"href":"https:\/\/florianehaudebault.fr\/index.php\/wp-json\/wp\/v2\/product_cat?post=762255"},{"taxonomy":"product_tag","embeddable":true,"href":"https:\/\/florianehaudebault.fr\/index.php\/wp-json\/wp\/v2\/product_tag?post=762255"}],"curies":[{"name":"wp","href":"https:\/\/api.w.org\/{rel}","templated":true}]}}