{"id":762254,"date":"2021-03-11T21:37:20","date_gmt":"2021-03-11T20:37:20","guid":{"rendered":"https:\/\/institut-florilege.fr\/index.php\/product\/masque-purifiant\/"},"modified":"2022-06-24T11:54:45","modified_gmt":"2022-06-24T09:54:45","slug":"masque-purifiant","status":"publish","type":"product","link":"https:\/\/florianehaudebault.fr\/index.php\/product\/masque-purifiant\/","title":{"rendered":"Masque purifiant"},"content":{"rendered":"<p>Riche en oxyde de fer associ\u00e9 aux \u00e9l\u00e9ments vitaux comme le magn\u00e9sium, le calcium, le mangan\u00e8se, le phosphore et le silicium, l\u2019argile verte est naturellement absorbante et remin\u00e9ralisante aidant ainsi ce masque visage bio PURIFIANT \u00e0 nettoyer et purifier votre peau sans l\u2019agresser.<\/p>\n<p>Les huiles essentielles d\u2019orange douce et de citron bio contenues dans ce soin visage bio participent \u00e0 assainir l\u2019\u00e9piderme.<\/p>\n","protected":false},"excerpt":{"rendered":"<p>Riche en oxyde de fer associ\u00e9 aux \u00e9l\u00e9ments vitaux comme le magn\u00e9sium, le calcium, le mangan\u00e8se, le phosphore et le silicium, l\u2019argile verte est naturellement absorbante et remin\u00e9ralisante aidant ainsi ce masque visage bio PURIFIANT \u00e0 nettoyer et purifier votre peau sans l\u2019agresser. Les huiles essentielles d\u2019orange douce et de citron bio contenues dans ce [&hellip;]<\/p>\n","protected":false},"featured_media":0,"template":"","meta":{"_et_pb_use_builder":"","_et_pb_old_content":"","_et_gb_content_width":"","_monsterinsights_skip_tracking":false,"_monsterinsights_sitenote_active":false,"_monsterinsights_sitenote_note":"","_monsterinsights_sitenote_category":0},"product_brand":[],"product_cat":[19,61],"product_tag":[],"class_list":{"0":"post-762254","1":"product","2":"type-product","3":"status-publish","5":"product_cat-cosmetiques-corps-et-visage-bio","6":"product_cat-produits-visage","8":"first","9":"instock","10":"shipping-taxable","11":"purchasable","12":"product-type-simple"},"yoast_head":"<!-- This site is optimized with the Yoast SEO plugin v27.4 - https:\/\/yoast.com\/product\/yoast-seo-wordpress\/ -->\n<title>Masque purifiant - Floriane H<\/title>\n<meta name=\"robots\" content=\"index, follow, max-snippet:-1, max-image-preview:large, max-video-preview:-1\" \/>\n<link rel=\"canonical\" href=\"https:\/\/florianehaudebault.fr\/index.php\/product\/masque-purifiant\/\" \/>\n<meta property=\"og:locale\" content=\"fr_FR\" \/>\n<meta property=\"og:type\" content=\"article\" \/>\n<meta property=\"og:title\" content=\"Masque purifiant - Floriane H\" \/>\n<meta property=\"og:description\" content=\"Riche en oxyde de fer associ\u00e9 aux \u00e9l\u00e9ments vitaux comme le magn\u00e9sium, le calcium, le mangan\u00e8se, le phosphore et le silicium, l\u2019argile verte est naturellement absorbante et remin\u00e9ralisante aidant ainsi ce masque visage bio PURIFIANT \u00e0 nettoyer et purifier votre peau sans l\u2019agresser. Les huiles essentielles d\u2019orange douce et de citron bio contenues dans ce [&hellip;]\" \/>\n<meta property=\"og:url\" content=\"https:\/\/florianehaudebault.fr\/index.php\/product\/masque-purifiant\/\" \/>\n<meta property=\"og:site_name\" content=\"Floriane H\" \/>\n<meta property=\"article:modified_time\" content=\"2022-06-24T09:54:45+00:00\" \/>\n<meta property=\"og:image\" content=\"https:\/\/florianehaudebault.fr\/wp-content\/uploads\/2021\/03\/masque-purifiant-.jpg\" \/>\n\t<meta property=\"og:image:width\" content=\"360\" \/>\n\t<meta property=\"og:image:height\" content=\"360\" \/>\n\t<meta property=\"og:image:type\" content=\"image\/jpeg\" \/>\n<meta name=\"twitter:card\" content=\"summary_large_image\" \/>\n<script type=\"application\/ld+json\" class=\"yoast-schema-graph\">{\"@context\":\"https:\\\/\\\/schema.org\",\"@graph\":[{\"@type\":\"WebPage\",\"@id\":\"https:\\\/\\\/florianehaudebault.fr\\\/index.php\\\/product\\\/masque-purifiant\\\/\",\"url\":\"https:\\\/\\\/florianehaudebault.fr\\\/index.php\\\/product\\\/masque-purifiant\\\/\",\"name\":\"Masque purifiant - Floriane H\",\"isPartOf\":{\"@id\":\"https:\\\/\\\/florianehaudebault.fr\\\/#website\"},\"datePublished\":\"2021-03-11T20:37:20+00:00\",\"dateModified\":\"2022-06-24T09:54:45+00:00\",\"breadcrumb\":{\"@id\":\"https:\\\/\\\/florianehaudebault.fr\\\/index.php\\\/product\\\/masque-purifiant\\\/#breadcrumb\"},\"inLanguage\":\"fr-FR\",\"potentialAction\":[{\"@type\":\"ReadAction\",\"target\":[\"https:\\\/\\\/florianehaudebault.fr\\\/index.php\\\/product\\\/masque-purifiant\\\/\"]}]},{\"@type\":\"BreadcrumbList\",\"@id\":\"https:\\\/\\\/florianehaudebault.fr\\\/index.php\\\/product\\\/masque-purifiant\\\/#breadcrumb\",\"itemListElement\":[{\"@type\":\"ListItem\",\"position\":1,\"name\":\"Accueil\",\"item\":\"https:\\\/\\\/florianehaudebault.fr\\\/\"},{\"@type\":\"ListItem\",\"position\":2,\"name\":\"Boutique\",\"item\":\"https:\\\/\\\/florianehaudebault.fr\\\/index.php\\\/boutique\\\/\"},{\"@type\":\"ListItem\",\"position\":3,\"name\":\"Masque purifiant\"}]},{\"@type\":\"WebSite\",\"@id\":\"https:\\\/\\\/florianehaudebault.fr\\\/#website\",\"url\":\"https:\\\/\\\/florianehaudebault.fr\\\/\",\"name\":\"Floriane H\",\"description\":\"Institut de beaut\u00e9 et de bien-\u00eatre \u00e0 Vivy\",\"potentialAction\":[{\"@type\":\"SearchAction\",\"target\":{\"@type\":\"EntryPoint\",\"urlTemplate\":\"https:\\\/\\\/florianehaudebault.fr\\\/?s={search_term_string}\"},\"query-input\":{\"@type\":\"PropertyValueSpecification\",\"valueRequired\":true,\"valueName\":\"search_term_string\"}}],\"inLanguage\":\"fr-FR\"}]}<\/script>\n<!-- \/ Yoast SEO plugin. -->","yoast_head_json":{"title":"Masque purifiant - Floriane H","robots":{"index":"index","follow":"follow","max-snippet":"max-snippet:-1","max-image-preview":"max-image-preview:large","max-video-preview":"max-video-preview:-1"},"canonical":"https:\/\/florianehaudebault.fr\/index.php\/product\/masque-purifiant\/","og_locale":"fr_FR","og_type":"article","og_title":"Masque purifiant - Floriane H","og_description":"Riche en oxyde de fer associ\u00e9 aux \u00e9l\u00e9ments vitaux comme le magn\u00e9sium, le calcium, le mangan\u00e8se, le phosphore et le silicium, l\u2019argile verte est naturellement absorbante et remin\u00e9ralisante aidant ainsi ce masque visage bio PURIFIANT \u00e0 nettoyer et purifier votre peau sans l\u2019agresser. Les huiles essentielles d\u2019orange douce et de citron bio contenues dans ce [&hellip;]","og_url":"https:\/\/florianehaudebault.fr\/index.php\/product\/masque-purifiant\/","og_site_name":"Floriane H","article_modified_time":"2022-06-24T09:54:45+00:00","og_image":[{"width":360,"height":360,"url":"https:\/\/florianehaudebault.fr\/wp-content\/uploads\/2021\/03\/masque-purifiant-.jpg","type":"image\/jpeg"}],"twitter_card":"summary_large_image","schema":{"@context":"https:\/\/schema.org","@graph":[{"@type":"WebPage","@id":"https:\/\/florianehaudebault.fr\/index.php\/product\/masque-purifiant\/","url":"https:\/\/florianehaudebault.fr\/index.php\/product\/masque-purifiant\/","name":"Masque purifiant - Floriane H","isPartOf":{"@id":"https:\/\/florianehaudebault.fr\/#website"},"datePublished":"2021-03-11T20:37:20+00:00","dateModified":"2022-06-24T09:54:45+00:00","breadcrumb":{"@id":"https:\/\/florianehaudebault.fr\/index.php\/product\/masque-purifiant\/#breadcrumb"},"inLanguage":"fr-FR","potentialAction":[{"@type":"ReadAction","target":["https:\/\/florianehaudebault.fr\/index.php\/product\/masque-purifiant\/"]}]},{"@type":"BreadcrumbList","@id":"https:\/\/florianehaudebault.fr\/index.php\/product\/masque-purifiant\/#breadcrumb","itemListElement":[{"@type":"ListItem","position":1,"name":"Accueil","item":"https:\/\/florianehaudebault.fr\/"},{"@type":"ListItem","position":2,"name":"Boutique","item":"https:\/\/florianehaudebault.fr\/index.php\/boutique\/"},{"@type":"ListItem","position":3,"name":"Masque purifiant"}]},{"@type":"WebSite","@id":"https:\/\/florianehaudebault.fr\/#website","url":"https:\/\/florianehaudebault.fr\/","name":"Floriane H","description":"Institut de beaut\u00e9 et de bien-\u00eatre \u00e0 Vivy","potentialAction":[{"@type":"SearchAction","target":{"@type":"EntryPoint","urlTemplate":"https:\/\/florianehaudebault.fr\/?s={search_term_string}"},"query-input":{"@type":"PropertyValueSpecification","valueRequired":true,"valueName":"search_term_string"}}],"inLanguage":"fr-FR"}]}},"_links":{"self":[{"href":"https:\/\/florianehaudebault.fr\/index.php\/wp-json\/wp\/v2\/product\/762254","targetHints":{"allow":["GET"]}}],"collection":[{"href":"https:\/\/florianehaudebault.fr\/index.php\/wp-json\/wp\/v2\/product"}],"about":[{"href":"https:\/\/florianehaudebault.fr\/index.php\/wp-json\/wp\/v2\/types\/product"}],"wp:attachment":[{"href":"https:\/\/florianehaudebault.fr\/index.php\/wp-json\/wp\/v2\/media?parent=762254"}],"wp:term":[{"taxonomy":"product_brand","embeddable":true,"href":"https:\/\/florianehaudebault.fr\/index.php\/wp-json\/wp\/v2\/product_brand?post=762254"},{"taxonomy":"product_cat","embeddable":true,"href":"https:\/\/florianehaudebault.fr\/index.php\/wp-json\/wp\/v2\/product_cat?post=762254"},{"taxonomy":"product_tag","embeddable":true,"href":"https:\/\/florianehaudebault.fr\/index.php\/wp-json\/wp\/v2\/product_tag?post=762254"}],"curies":[{"name":"wp","href":"https:\/\/api.w.org\/{rel}","templated":true}]}}