{"id":762248,"date":"2021-03-11T21:37:20","date_gmt":"2021-03-11T20:37:20","guid":{"rendered":"https:\/\/institut-florilege.fr\/index.php\/product\/emulsion-jeunesse-du-regard\/"},"modified":"2021-06-23T16:25:23","modified_gmt":"2021-06-23T14:25:23","slug":"emulsion-jeunesse-du-regard","status":"publish","type":"product","link":"https:\/\/florianehaudebault.fr\/index.php\/product\/emulsion-jeunesse-du-regard\/","title":{"rendered":"Emulsion jeunesse du regard"},"content":{"rendered":"<p>Particuli\u00e8rement recommand\u00e9e pour lutter contre les signes du temps, ce soin bio contour des yeux en \u00e9mulsion fine et confortable puise son efficacit\u00e9 dans l\u2019association de l\u2019extrait de bourgeons de h\u00eatre bio, qui a l\u2019avantage d\u2019augmenter la consommation d\u2019oxyg\u00e8ne des cellules, et de l\u2019extrait de foug\u00e8re d\u2019arbre de Nouvelle Z\u00e9lande aux vertus lissantes.<\/p>\n<p>L\u2019action cibl\u00e9e de ce soin visage bio sur le micro relief cutan\u00e9 contribuera \u00e0 donner de l\u2019\u00e9clat au regard.<\/p>\n<p>C\u2019est une excellente base de maquillage. Les micro-paillettes illumineront votre regard.<\/p>\n","protected":false},"excerpt":{"rendered":"<p>Particuli\u00e8rement recommand\u00e9e pour lutter contre les signes du temps, ce soin bio contour des yeux en \u00e9mulsion fine et confortable puise son efficacit\u00e9 dans l\u2019association de l\u2019extrait de bourgeons de h\u00eatre bio, qui a l\u2019avantage d\u2019augmenter la consommation d\u2019oxyg\u00e8ne des cellules, et de l\u2019extrait de foug\u00e8re d\u2019arbre de Nouvelle Z\u00e9lande aux vertus lissantes. L\u2019action cibl\u00e9e [&hellip;]<\/p>\n","protected":false},"featured_media":0,"template":"","meta":{"_et_pb_use_builder":"","_et_pb_old_content":"","_et_gb_content_width":"","_monsterinsights_skip_tracking":false,"_monsterinsights_sitenote_active":false,"_monsterinsights_sitenote_note":"","_monsterinsights_sitenote_category":0},"product_brand":[],"product_cat":[19,61],"product_tag":[],"class_list":{"0":"post-762248","1":"product","2":"type-product","3":"status-publish","5":"product_cat-cosmetiques-corps-et-visage-bio","6":"product_cat-produits-visage","8":"first","9":"instock","10":"shipping-taxable","11":"purchasable","12":"product-type-simple"},"yoast_head":"<!-- This site is optimized with the Yoast SEO plugin v27.4 - https:\/\/yoast.com\/product\/yoast-seo-wordpress\/ -->\n<title>Emulsion jeunesse du regard - Floriane H<\/title>\n<meta name=\"robots\" content=\"index, follow, max-snippet:-1, max-image-preview:large, max-video-preview:-1\" \/>\n<link rel=\"canonical\" href=\"https:\/\/florianehaudebault.fr\/index.php\/product\/emulsion-jeunesse-du-regard\/\" \/>\n<meta property=\"og:locale\" content=\"fr_FR\" \/>\n<meta property=\"og:type\" content=\"article\" \/>\n<meta property=\"og:title\" content=\"Emulsion jeunesse du regard - Floriane H\" \/>\n<meta property=\"og:description\" content=\"Particuli\u00e8rement recommand\u00e9e pour lutter contre les signes du temps, ce soin bio contour des yeux en \u00e9mulsion fine et confortable puise son efficacit\u00e9 dans l\u2019association de l\u2019extrait de bourgeons de h\u00eatre bio, qui a l\u2019avantage d\u2019augmenter la consommation d\u2019oxyg\u00e8ne des cellules, et de l\u2019extrait de foug\u00e8re d\u2019arbre de Nouvelle Z\u00e9lande aux vertus lissantes. L\u2019action cibl\u00e9e [&hellip;]\" \/>\n<meta property=\"og:url\" content=\"https:\/\/florianehaudebault.fr\/index.php\/product\/emulsion-jeunesse-du-regard\/\" \/>\n<meta property=\"og:site_name\" content=\"Floriane H\" \/>\n<meta property=\"article:modified_time\" content=\"2021-06-23T14:25:23+00:00\" \/>\n<meta property=\"og:image\" content=\"https:\/\/florianehaudebault.fr\/wp-content\/uploads\/2021\/03\/emulsion-jeunesse-du-regard-0-.jpg\" \/>\n\t<meta property=\"og:image:width\" content=\"360\" \/>\n\t<meta property=\"og:image:height\" content=\"360\" \/>\n\t<meta property=\"og:image:type\" content=\"image\/jpeg\" \/>\n<meta name=\"twitter:card\" content=\"summary_large_image\" \/>\n<script type=\"application\/ld+json\" class=\"yoast-schema-graph\">{\"@context\":\"https:\\\/\\\/schema.org\",\"@graph\":[{\"@type\":\"WebPage\",\"@id\":\"https:\\\/\\\/florianehaudebault.fr\\\/index.php\\\/product\\\/emulsion-jeunesse-du-regard\\\/\",\"url\":\"https:\\\/\\\/florianehaudebault.fr\\\/index.php\\\/product\\\/emulsion-jeunesse-du-regard\\\/\",\"name\":\"Emulsion jeunesse du regard - Floriane H\",\"isPartOf\":{\"@id\":\"https:\\\/\\\/florianehaudebault.fr\\\/#website\"},\"datePublished\":\"2021-03-11T20:37:20+00:00\",\"dateModified\":\"2021-06-23T14:25:23+00:00\",\"breadcrumb\":{\"@id\":\"https:\\\/\\\/florianehaudebault.fr\\\/index.php\\\/product\\\/emulsion-jeunesse-du-regard\\\/#breadcrumb\"},\"inLanguage\":\"fr-FR\",\"potentialAction\":[{\"@type\":\"ReadAction\",\"target\":[\"https:\\\/\\\/florianehaudebault.fr\\\/index.php\\\/product\\\/emulsion-jeunesse-du-regard\\\/\"]}]},{\"@type\":\"BreadcrumbList\",\"@id\":\"https:\\\/\\\/florianehaudebault.fr\\\/index.php\\\/product\\\/emulsion-jeunesse-du-regard\\\/#breadcrumb\",\"itemListElement\":[{\"@type\":\"ListItem\",\"position\":1,\"name\":\"Accueil\",\"item\":\"https:\\\/\\\/florianehaudebault.fr\\\/\"},{\"@type\":\"ListItem\",\"position\":2,\"name\":\"Boutique\",\"item\":\"https:\\\/\\\/florianehaudebault.fr\\\/index.php\\\/boutique\\\/\"},{\"@type\":\"ListItem\",\"position\":3,\"name\":\"Emulsion jeunesse du regard\"}]},{\"@type\":\"WebSite\",\"@id\":\"https:\\\/\\\/florianehaudebault.fr\\\/#website\",\"url\":\"https:\\\/\\\/florianehaudebault.fr\\\/\",\"name\":\"Floriane H\",\"description\":\"Institut de beaut\u00e9 et de bien-\u00eatre \u00e0 Vivy\",\"potentialAction\":[{\"@type\":\"SearchAction\",\"target\":{\"@type\":\"EntryPoint\",\"urlTemplate\":\"https:\\\/\\\/florianehaudebault.fr\\\/?s={search_term_string}\"},\"query-input\":{\"@type\":\"PropertyValueSpecification\",\"valueRequired\":true,\"valueName\":\"search_term_string\"}}],\"inLanguage\":\"fr-FR\"}]}<\/script>\n<!-- \/ Yoast SEO plugin. -->","yoast_head_json":{"title":"Emulsion jeunesse du regard - Floriane H","robots":{"index":"index","follow":"follow","max-snippet":"max-snippet:-1","max-image-preview":"max-image-preview:large","max-video-preview":"max-video-preview:-1"},"canonical":"https:\/\/florianehaudebault.fr\/index.php\/product\/emulsion-jeunesse-du-regard\/","og_locale":"fr_FR","og_type":"article","og_title":"Emulsion jeunesse du regard - Floriane H","og_description":"Particuli\u00e8rement recommand\u00e9e pour lutter contre les signes du temps, ce soin bio contour des yeux en \u00e9mulsion fine et confortable puise son efficacit\u00e9 dans l\u2019association de l\u2019extrait de bourgeons de h\u00eatre bio, qui a l\u2019avantage d\u2019augmenter la consommation d\u2019oxyg\u00e8ne des cellules, et de l\u2019extrait de foug\u00e8re d\u2019arbre de Nouvelle Z\u00e9lande aux vertus lissantes. L\u2019action cibl\u00e9e [&hellip;]","og_url":"https:\/\/florianehaudebault.fr\/index.php\/product\/emulsion-jeunesse-du-regard\/","og_site_name":"Floriane H","article_modified_time":"2021-06-23T14:25:23+00:00","og_image":[{"width":360,"height":360,"url":"https:\/\/florianehaudebault.fr\/wp-content\/uploads\/2021\/03\/emulsion-jeunesse-du-regard-0-.jpg","type":"image\/jpeg"}],"twitter_card":"summary_large_image","schema":{"@context":"https:\/\/schema.org","@graph":[{"@type":"WebPage","@id":"https:\/\/florianehaudebault.fr\/index.php\/product\/emulsion-jeunesse-du-regard\/","url":"https:\/\/florianehaudebault.fr\/index.php\/product\/emulsion-jeunesse-du-regard\/","name":"Emulsion jeunesse du regard - Floriane H","isPartOf":{"@id":"https:\/\/florianehaudebault.fr\/#website"},"datePublished":"2021-03-11T20:37:20+00:00","dateModified":"2021-06-23T14:25:23+00:00","breadcrumb":{"@id":"https:\/\/florianehaudebault.fr\/index.php\/product\/emulsion-jeunesse-du-regard\/#breadcrumb"},"inLanguage":"fr-FR","potentialAction":[{"@type":"ReadAction","target":["https:\/\/florianehaudebault.fr\/index.php\/product\/emulsion-jeunesse-du-regard\/"]}]},{"@type":"BreadcrumbList","@id":"https:\/\/florianehaudebault.fr\/index.php\/product\/emulsion-jeunesse-du-regard\/#breadcrumb","itemListElement":[{"@type":"ListItem","position":1,"name":"Accueil","item":"https:\/\/florianehaudebault.fr\/"},{"@type":"ListItem","position":2,"name":"Boutique","item":"https:\/\/florianehaudebault.fr\/index.php\/boutique\/"},{"@type":"ListItem","position":3,"name":"Emulsion jeunesse du regard"}]},{"@type":"WebSite","@id":"https:\/\/florianehaudebault.fr\/#website","url":"https:\/\/florianehaudebault.fr\/","name":"Floriane H","description":"Institut de beaut\u00e9 et de bien-\u00eatre \u00e0 Vivy","potentialAction":[{"@type":"SearchAction","target":{"@type":"EntryPoint","urlTemplate":"https:\/\/florianehaudebault.fr\/?s={search_term_string}"},"query-input":{"@type":"PropertyValueSpecification","valueRequired":true,"valueName":"search_term_string"}}],"inLanguage":"fr-FR"}]}},"_links":{"self":[{"href":"https:\/\/florianehaudebault.fr\/index.php\/wp-json\/wp\/v2\/product\/762248","targetHints":{"allow":["GET"]}}],"collection":[{"href":"https:\/\/florianehaudebault.fr\/index.php\/wp-json\/wp\/v2\/product"}],"about":[{"href":"https:\/\/florianehaudebault.fr\/index.php\/wp-json\/wp\/v2\/types\/product"}],"wp:attachment":[{"href":"https:\/\/florianehaudebault.fr\/index.php\/wp-json\/wp\/v2\/media?parent=762248"}],"wp:term":[{"taxonomy":"product_brand","embeddable":true,"href":"https:\/\/florianehaudebault.fr\/index.php\/wp-json\/wp\/v2\/product_brand?post=762248"},{"taxonomy":"product_cat","embeddable":true,"href":"https:\/\/florianehaudebault.fr\/index.php\/wp-json\/wp\/v2\/product_cat?post=762248"},{"taxonomy":"product_tag","embeddable":true,"href":"https:\/\/florianehaudebault.fr\/index.php\/wp-json\/wp\/v2\/product_tag?post=762248"}],"curies":[{"name":"wp","href":"https:\/\/api.w.org\/{rel}","templated":true}]}}