{"id":762245,"date":"2021-03-11T21:37:20","date_gmt":"2021-03-11T20:37:20","guid":{"rendered":"https:\/\/institut-florilege.fr\/index.php\/product\/sublimessence-levres\/"},"modified":"2022-11-28T09:24:42","modified_gmt":"2022-11-28T08:24:42","slug":"sublimessence-levres","status":"publish","type":"product","link":"https:\/\/florianehaudebault.fr\/index.php\/product\/sublimessence-levres\/","title":{"rendered":"Sublimessence l\u00e8vres"},"content":{"rendered":"<p>Ce soin de beaut\u00e9 anti-\u00e2ge bio SUBLIMESSENCE a un effet liftant et repulpant du contour des l\u00e8vres.<\/p>\n<p>Il agit comme un v\u00e9ritable anti-rides cibl\u00e9 pour la zone fragile de la bouche.<\/p>\n<p>Le soin anti-\u00e2ge bio SUBLIMESSENCE pr\u00e9serve le dessin du contour de bouche et permet de garder des l\u00e8vres lisses et rebondies.<\/p>\n<p>Il traite durablement les ridules de la zone du contour des l\u00e8vres.<\/p>\n<p>Appliqu\u00e9 sur la muqueuse des l\u00e8vres, il fixe le rouge \u00e0 l\u00e8vres.<\/p>\n","protected":false},"excerpt":{"rendered":"<p>Ce soin de beaut\u00e9 anti-\u00e2ge bio SUBLIMESSENCE a un effet liftant et repulpant du contour des l\u00e8vres. Il agit comme un v\u00e9ritable anti-rides cibl\u00e9 pour la zone fragile de la bouche. Le soin anti-\u00e2ge bio SUBLIMESSENCE pr\u00e9serve le dessin du contour de bouche et permet de garder des l\u00e8vres lisses et rebondies. Il traite durablement [&hellip;]<\/p>\n","protected":false},"featured_media":0,"template":"","meta":{"_et_pb_use_builder":"","_et_pb_old_content":"","_et_gb_content_width":"","_monsterinsights_skip_tracking":false,"_monsterinsights_sitenote_active":false,"_monsterinsights_sitenote_note":"","_monsterinsights_sitenote_category":0},"product_brand":[],"product_cat":[19,61],"product_tag":[],"class_list":{"0":"post-762245","1":"product","2":"type-product","3":"status-publish","5":"product_cat-cosmetiques-corps-et-visage-bio","6":"product_cat-produits-visage","8":"first","9":"instock","10":"shipping-taxable","11":"purchasable","12":"product-type-simple"},"yoast_head":"<!-- This site is optimized with the Yoast SEO plugin v27.4 - https:\/\/yoast.com\/product\/yoast-seo-wordpress\/ -->\n<title>Sublimessence l\u00e8vres - Floriane H<\/title>\n<meta name=\"robots\" content=\"index, follow, max-snippet:-1, max-image-preview:large, max-video-preview:-1\" \/>\n<link rel=\"canonical\" href=\"https:\/\/florianehaudebault.fr\/index.php\/product\/sublimessence-levres\/\" \/>\n<meta property=\"og:locale\" content=\"fr_FR\" \/>\n<meta property=\"og:type\" content=\"article\" \/>\n<meta property=\"og:title\" content=\"Sublimessence l\u00e8vres - Floriane H\" \/>\n<meta property=\"og:description\" content=\"Ce soin de beaut\u00e9 anti-\u00e2ge bio SUBLIMESSENCE a un effet liftant et repulpant du contour des l\u00e8vres. Il agit comme un v\u00e9ritable anti-rides cibl\u00e9 pour la zone fragile de la bouche. Le soin anti-\u00e2ge bio SUBLIMESSENCE pr\u00e9serve le dessin du contour de bouche et permet de garder des l\u00e8vres lisses et rebondies. Il traite durablement [&hellip;]\" \/>\n<meta property=\"og:url\" content=\"https:\/\/florianehaudebault.fr\/index.php\/product\/sublimessence-levres\/\" \/>\n<meta property=\"og:site_name\" content=\"Floriane H\" \/>\n<meta property=\"article:modified_time\" content=\"2022-11-28T08:24:42+00:00\" \/>\n<meta property=\"og:image\" content=\"https:\/\/florianehaudebault.fr\/wp-content\/uploads\/2021\/03\/Sublimessence-Le-vres-.png\" \/>\n\t<meta property=\"og:image:width\" content=\"360\" \/>\n\t<meta property=\"og:image:height\" content=\"360\" \/>\n\t<meta property=\"og:image:type\" content=\"image\/png\" \/>\n<meta name=\"twitter:card\" content=\"summary_large_image\" \/>\n<script type=\"application\/ld+json\" class=\"yoast-schema-graph\">{\"@context\":\"https:\\\/\\\/schema.org\",\"@graph\":[{\"@type\":\"WebPage\",\"@id\":\"https:\\\/\\\/florianehaudebault.fr\\\/index.php\\\/product\\\/sublimessence-levres\\\/\",\"url\":\"https:\\\/\\\/florianehaudebault.fr\\\/index.php\\\/product\\\/sublimessence-levres\\\/\",\"name\":\"Sublimessence l\u00e8vres - Floriane H\",\"isPartOf\":{\"@id\":\"https:\\\/\\\/florianehaudebault.fr\\\/#website\"},\"datePublished\":\"2021-03-11T20:37:20+00:00\",\"dateModified\":\"2022-11-28T08:24:42+00:00\",\"breadcrumb\":{\"@id\":\"https:\\\/\\\/florianehaudebault.fr\\\/index.php\\\/product\\\/sublimessence-levres\\\/#breadcrumb\"},\"inLanguage\":\"fr-FR\",\"potentialAction\":[{\"@type\":\"ReadAction\",\"target\":[\"https:\\\/\\\/florianehaudebault.fr\\\/index.php\\\/product\\\/sublimessence-levres\\\/\"]}]},{\"@type\":\"BreadcrumbList\",\"@id\":\"https:\\\/\\\/florianehaudebault.fr\\\/index.php\\\/product\\\/sublimessence-levres\\\/#breadcrumb\",\"itemListElement\":[{\"@type\":\"ListItem\",\"position\":1,\"name\":\"Accueil\",\"item\":\"https:\\\/\\\/florianehaudebault.fr\\\/\"},{\"@type\":\"ListItem\",\"position\":2,\"name\":\"Boutique\",\"item\":\"https:\\\/\\\/florianehaudebault.fr\\\/index.php\\\/boutique\\\/\"},{\"@type\":\"ListItem\",\"position\":3,\"name\":\"Sublimessence l\u00e8vres\"}]},{\"@type\":\"WebSite\",\"@id\":\"https:\\\/\\\/florianehaudebault.fr\\\/#website\",\"url\":\"https:\\\/\\\/florianehaudebault.fr\\\/\",\"name\":\"Floriane H\",\"description\":\"Institut de beaut\u00e9 et de bien-\u00eatre \u00e0 Vivy\",\"potentialAction\":[{\"@type\":\"SearchAction\",\"target\":{\"@type\":\"EntryPoint\",\"urlTemplate\":\"https:\\\/\\\/florianehaudebault.fr\\\/?s={search_term_string}\"},\"query-input\":{\"@type\":\"PropertyValueSpecification\",\"valueRequired\":true,\"valueName\":\"search_term_string\"}}],\"inLanguage\":\"fr-FR\"}]}<\/script>\n<!-- \/ Yoast SEO plugin. -->","yoast_head_json":{"title":"Sublimessence l\u00e8vres - Floriane H","robots":{"index":"index","follow":"follow","max-snippet":"max-snippet:-1","max-image-preview":"max-image-preview:large","max-video-preview":"max-video-preview:-1"},"canonical":"https:\/\/florianehaudebault.fr\/index.php\/product\/sublimessence-levres\/","og_locale":"fr_FR","og_type":"article","og_title":"Sublimessence l\u00e8vres - Floriane H","og_description":"Ce soin de beaut\u00e9 anti-\u00e2ge bio SUBLIMESSENCE a un effet liftant et repulpant du contour des l\u00e8vres. Il agit comme un v\u00e9ritable anti-rides cibl\u00e9 pour la zone fragile de la bouche. Le soin anti-\u00e2ge bio SUBLIMESSENCE pr\u00e9serve le dessin du contour de bouche et permet de garder des l\u00e8vres lisses et rebondies. Il traite durablement [&hellip;]","og_url":"https:\/\/florianehaudebault.fr\/index.php\/product\/sublimessence-levres\/","og_site_name":"Floriane H","article_modified_time":"2022-11-28T08:24:42+00:00","og_image":[{"width":360,"height":360,"url":"https:\/\/florianehaudebault.fr\/wp-content\/uploads\/2021\/03\/Sublimessence-Le-vres-.png","type":"image\/png"}],"twitter_card":"summary_large_image","schema":{"@context":"https:\/\/schema.org","@graph":[{"@type":"WebPage","@id":"https:\/\/florianehaudebault.fr\/index.php\/product\/sublimessence-levres\/","url":"https:\/\/florianehaudebault.fr\/index.php\/product\/sublimessence-levres\/","name":"Sublimessence l\u00e8vres - Floriane H","isPartOf":{"@id":"https:\/\/florianehaudebault.fr\/#website"},"datePublished":"2021-03-11T20:37:20+00:00","dateModified":"2022-11-28T08:24:42+00:00","breadcrumb":{"@id":"https:\/\/florianehaudebault.fr\/index.php\/product\/sublimessence-levres\/#breadcrumb"},"inLanguage":"fr-FR","potentialAction":[{"@type":"ReadAction","target":["https:\/\/florianehaudebault.fr\/index.php\/product\/sublimessence-levres\/"]}]},{"@type":"BreadcrumbList","@id":"https:\/\/florianehaudebault.fr\/index.php\/product\/sublimessence-levres\/#breadcrumb","itemListElement":[{"@type":"ListItem","position":1,"name":"Accueil","item":"https:\/\/florianehaudebault.fr\/"},{"@type":"ListItem","position":2,"name":"Boutique","item":"https:\/\/florianehaudebault.fr\/index.php\/boutique\/"},{"@type":"ListItem","position":3,"name":"Sublimessence l\u00e8vres"}]},{"@type":"WebSite","@id":"https:\/\/florianehaudebault.fr\/#website","url":"https:\/\/florianehaudebault.fr\/","name":"Floriane H","description":"Institut de beaut\u00e9 et de bien-\u00eatre \u00e0 Vivy","potentialAction":[{"@type":"SearchAction","target":{"@type":"EntryPoint","urlTemplate":"https:\/\/florianehaudebault.fr\/?s={search_term_string}"},"query-input":{"@type":"PropertyValueSpecification","valueRequired":true,"valueName":"search_term_string"}}],"inLanguage":"fr-FR"}]}},"_links":{"self":[{"href":"https:\/\/florianehaudebault.fr\/index.php\/wp-json\/wp\/v2\/product\/762245","targetHints":{"allow":["GET"]}}],"collection":[{"href":"https:\/\/florianehaudebault.fr\/index.php\/wp-json\/wp\/v2\/product"}],"about":[{"href":"https:\/\/florianehaudebault.fr\/index.php\/wp-json\/wp\/v2\/types\/product"}],"wp:attachment":[{"href":"https:\/\/florianehaudebault.fr\/index.php\/wp-json\/wp\/v2\/media?parent=762245"}],"wp:term":[{"taxonomy":"product_brand","embeddable":true,"href":"https:\/\/florianehaudebault.fr\/index.php\/wp-json\/wp\/v2\/product_brand?post=762245"},{"taxonomy":"product_cat","embeddable":true,"href":"https:\/\/florianehaudebault.fr\/index.php\/wp-json\/wp\/v2\/product_cat?post=762245"},{"taxonomy":"product_tag","embeddable":true,"href":"https:\/\/florianehaudebault.fr\/index.php\/wp-json\/wp\/v2\/product_tag?post=762245"}],"curies":[{"name":"wp","href":"https:\/\/api.w.org\/{rel}","templated":true}]}}