{"id":762244,"date":"2021-03-11T21:37:19","date_gmt":"2021-03-11T20:37:19","guid":{"rendered":"https:\/\/institut-florilege.fr\/index.php\/product\/serum-sublimessence\/"},"modified":"2022-11-28T09:24:44","modified_gmt":"2022-11-28T08:24:44","slug":"serum-sublimessence","status":"publish","type":"product","link":"https:\/\/florianehaudebault.fr\/index.php\/product\/serum-sublimessence\/","title":{"rendered":"S\u00e9rum sublimessence"},"content":{"rendered":"<p>Ce s\u00e9rum anti-\u00e2ge visage bio \u00e0 la texture douce, riche et repulpante, s\u2019applique non seulement sur le visage mais aussi en contour des yeux pour une action anti-rides puissante.<\/p>\n<p>R\u00e9sultat : la peau est tonifi\u00e9e, repulp\u00e9e de l\u2019int\u00e9rieur.<\/p>\n<p>Le s\u00e9rum visage anti-\u00e2ge bio SUBLIMESSENCE assure une action jeunesse sur toutes les zones du visage des peaux matures, contour des yeux compris.<\/p>\n<p>Son \u00e9tonnante texture gel-cr\u00e8me huileux lui conf\u00e8re un toucher de soie qui compense les d\u00e9ficits naturels de la peau et assure une parfaite p\u00e9n\u00e9tration des actifs.<\/p>\n<p>&#8211; Les huiles d\u2019argan et de jojoba laissent la peau tr\u00e8s confortable.<\/p>\n<p>&#8211; L\u2019extrait de grenade apporte ses vertus raffermissantes et hydratantes*.<\/p>\n<p>&#8211; L\u2019acide hyaluronique et la foug\u00e8re de Nouvelle Z\u00e9lande repulpent la peau et les rides sont visiblement att\u00e9nu\u00e9es d\u00e8s la premi\u00e8re heure d\u2019application<\/p>\n","protected":false},"excerpt":{"rendered":"<p>Ce s\u00e9rum anti-\u00e2ge visage bio \u00e0 la texture douce, riche et repulpante, s\u2019applique non seulement sur le visage mais aussi en contour des yeux pour une action anti-rides puissante. R\u00e9sultat : la peau est tonifi\u00e9e, repulp\u00e9e de l\u2019int\u00e9rieur. Le s\u00e9rum visage anti-\u00e2ge bio SUBLIMESSENCE assure une action jeunesse sur toutes les zones du visage des [&hellip;]<\/p>\n","protected":false},"featured_media":0,"template":"","meta":{"_et_pb_use_builder":"","_et_pb_old_content":"","_et_gb_content_width":"","_monsterinsights_skip_tracking":false,"_monsterinsights_sitenote_active":false,"_monsterinsights_sitenote_note":"","_monsterinsights_sitenote_category":0},"product_brand":[],"product_cat":[19],"product_tag":[],"class_list":{"0":"post-762244","1":"product","2":"type-product","3":"status-publish","5":"product_cat-cosmetiques-corps-et-visage-bio","7":"first","8":"instock","9":"shipping-taxable","10":"purchasable","11":"product-type-simple"},"yoast_head":"<!-- This site is optimized with the Yoast SEO plugin v27.4 - https:\/\/yoast.com\/product\/yoast-seo-wordpress\/ -->\n<title>S\u00e9rum sublimessence - Floriane H<\/title>\n<meta name=\"robots\" content=\"index, follow, max-snippet:-1, max-image-preview:large, max-video-preview:-1\" \/>\n<link rel=\"canonical\" href=\"https:\/\/florianehaudebault.fr\/index.php\/product\/serum-sublimessence\/\" \/>\n<meta property=\"og:locale\" content=\"fr_FR\" \/>\n<meta property=\"og:type\" content=\"article\" \/>\n<meta property=\"og:title\" content=\"S\u00e9rum sublimessence - Floriane H\" \/>\n<meta property=\"og:description\" content=\"Ce s\u00e9rum anti-\u00e2ge visage bio \u00e0 la texture douce, riche et repulpante, s\u2019applique non seulement sur le visage mais aussi en contour des yeux pour une action anti-rides puissante. R\u00e9sultat : la peau est tonifi\u00e9e, repulp\u00e9e de l\u2019int\u00e9rieur. Le s\u00e9rum visage anti-\u00e2ge bio SUBLIMESSENCE assure une action jeunesse sur toutes les zones du visage des [&hellip;]\" \/>\n<meta property=\"og:url\" content=\"https:\/\/florianehaudebault.fr\/index.php\/product\/serum-sublimessence\/\" \/>\n<meta property=\"og:site_name\" content=\"Floriane H\" \/>\n<meta property=\"article:modified_time\" content=\"2022-11-28T08:24:44+00:00\" \/>\n<meta property=\"og:image\" content=\"https:\/\/florianehaudebault.fr\/wp-content\/uploads\/2021\/03\/Se-rum-Sublimessence-Visage-Yeux-.png\" \/>\n\t<meta property=\"og:image:width\" content=\"360\" \/>\n\t<meta property=\"og:image:height\" content=\"360\" \/>\n\t<meta property=\"og:image:type\" content=\"image\/png\" \/>\n<meta name=\"twitter:card\" content=\"summary_large_image\" \/>\n<meta name=\"twitter:label1\" content=\"Dur\u00e9e de lecture estim\u00e9e\" \/>\n\t<meta name=\"twitter:data1\" content=\"1 minute\" \/>\n<script type=\"application\/ld+json\" class=\"yoast-schema-graph\">{\"@context\":\"https:\\\/\\\/schema.org\",\"@graph\":[{\"@type\":\"WebPage\",\"@id\":\"https:\\\/\\\/florianehaudebault.fr\\\/index.php\\\/product\\\/serum-sublimessence\\\/\",\"url\":\"https:\\\/\\\/florianehaudebault.fr\\\/index.php\\\/product\\\/serum-sublimessence\\\/\",\"name\":\"S\u00e9rum sublimessence - Floriane H\",\"isPartOf\":{\"@id\":\"https:\\\/\\\/florianehaudebault.fr\\\/#website\"},\"datePublished\":\"2021-03-11T20:37:19+00:00\",\"dateModified\":\"2022-11-28T08:24:44+00:00\",\"breadcrumb\":{\"@id\":\"https:\\\/\\\/florianehaudebault.fr\\\/index.php\\\/product\\\/serum-sublimessence\\\/#breadcrumb\"},\"inLanguage\":\"fr-FR\",\"potentialAction\":[{\"@type\":\"ReadAction\",\"target\":[\"https:\\\/\\\/florianehaudebault.fr\\\/index.php\\\/product\\\/serum-sublimessence\\\/\"]}]},{\"@type\":\"BreadcrumbList\",\"@id\":\"https:\\\/\\\/florianehaudebault.fr\\\/index.php\\\/product\\\/serum-sublimessence\\\/#breadcrumb\",\"itemListElement\":[{\"@type\":\"ListItem\",\"position\":1,\"name\":\"Accueil\",\"item\":\"https:\\\/\\\/florianehaudebault.fr\\\/\"},{\"@type\":\"ListItem\",\"position\":2,\"name\":\"Boutique\",\"item\":\"https:\\\/\\\/florianehaudebault.fr\\\/index.php\\\/boutique\\\/\"},{\"@type\":\"ListItem\",\"position\":3,\"name\":\"S\u00e9rum sublimessence\"}]},{\"@type\":\"WebSite\",\"@id\":\"https:\\\/\\\/florianehaudebault.fr\\\/#website\",\"url\":\"https:\\\/\\\/florianehaudebault.fr\\\/\",\"name\":\"Floriane H\",\"description\":\"Institut de beaut\u00e9 et de bien-\u00eatre \u00e0 Vivy\",\"potentialAction\":[{\"@type\":\"SearchAction\",\"target\":{\"@type\":\"EntryPoint\",\"urlTemplate\":\"https:\\\/\\\/florianehaudebault.fr\\\/?s={search_term_string}\"},\"query-input\":{\"@type\":\"PropertyValueSpecification\",\"valueRequired\":true,\"valueName\":\"search_term_string\"}}],\"inLanguage\":\"fr-FR\"}]}<\/script>\n<!-- \/ Yoast SEO plugin. -->","yoast_head_json":{"title":"S\u00e9rum sublimessence - Floriane H","robots":{"index":"index","follow":"follow","max-snippet":"max-snippet:-1","max-image-preview":"max-image-preview:large","max-video-preview":"max-video-preview:-1"},"canonical":"https:\/\/florianehaudebault.fr\/index.php\/product\/serum-sublimessence\/","og_locale":"fr_FR","og_type":"article","og_title":"S\u00e9rum sublimessence - Floriane H","og_description":"Ce s\u00e9rum anti-\u00e2ge visage bio \u00e0 la texture douce, riche et repulpante, s\u2019applique non seulement sur le visage mais aussi en contour des yeux pour une action anti-rides puissante. R\u00e9sultat : la peau est tonifi\u00e9e, repulp\u00e9e de l\u2019int\u00e9rieur. Le s\u00e9rum visage anti-\u00e2ge bio SUBLIMESSENCE assure une action jeunesse sur toutes les zones du visage des [&hellip;]","og_url":"https:\/\/florianehaudebault.fr\/index.php\/product\/serum-sublimessence\/","og_site_name":"Floriane H","article_modified_time":"2022-11-28T08:24:44+00:00","og_image":[{"width":360,"height":360,"url":"https:\/\/florianehaudebault.fr\/wp-content\/uploads\/2021\/03\/Se-rum-Sublimessence-Visage-Yeux-.png","type":"image\/png"}],"twitter_card":"summary_large_image","twitter_misc":{"Dur\u00e9e de lecture estim\u00e9e":"1 minute"},"schema":{"@context":"https:\/\/schema.org","@graph":[{"@type":"WebPage","@id":"https:\/\/florianehaudebault.fr\/index.php\/product\/serum-sublimessence\/","url":"https:\/\/florianehaudebault.fr\/index.php\/product\/serum-sublimessence\/","name":"S\u00e9rum sublimessence - Floriane H","isPartOf":{"@id":"https:\/\/florianehaudebault.fr\/#website"},"datePublished":"2021-03-11T20:37:19+00:00","dateModified":"2022-11-28T08:24:44+00:00","breadcrumb":{"@id":"https:\/\/florianehaudebault.fr\/index.php\/product\/serum-sublimessence\/#breadcrumb"},"inLanguage":"fr-FR","potentialAction":[{"@type":"ReadAction","target":["https:\/\/florianehaudebault.fr\/index.php\/product\/serum-sublimessence\/"]}]},{"@type":"BreadcrumbList","@id":"https:\/\/florianehaudebault.fr\/index.php\/product\/serum-sublimessence\/#breadcrumb","itemListElement":[{"@type":"ListItem","position":1,"name":"Accueil","item":"https:\/\/florianehaudebault.fr\/"},{"@type":"ListItem","position":2,"name":"Boutique","item":"https:\/\/florianehaudebault.fr\/index.php\/boutique\/"},{"@type":"ListItem","position":3,"name":"S\u00e9rum sublimessence"}]},{"@type":"WebSite","@id":"https:\/\/florianehaudebault.fr\/#website","url":"https:\/\/florianehaudebault.fr\/","name":"Floriane H","description":"Institut de beaut\u00e9 et de bien-\u00eatre \u00e0 Vivy","potentialAction":[{"@type":"SearchAction","target":{"@type":"EntryPoint","urlTemplate":"https:\/\/florianehaudebault.fr\/?s={search_term_string}"},"query-input":{"@type":"PropertyValueSpecification","valueRequired":true,"valueName":"search_term_string"}}],"inLanguage":"fr-FR"}]}},"_links":{"self":[{"href":"https:\/\/florianehaudebault.fr\/index.php\/wp-json\/wp\/v2\/product\/762244","targetHints":{"allow":["GET"]}}],"collection":[{"href":"https:\/\/florianehaudebault.fr\/index.php\/wp-json\/wp\/v2\/product"}],"about":[{"href":"https:\/\/florianehaudebault.fr\/index.php\/wp-json\/wp\/v2\/types\/product"}],"wp:attachment":[{"href":"https:\/\/florianehaudebault.fr\/index.php\/wp-json\/wp\/v2\/media?parent=762244"}],"wp:term":[{"taxonomy":"product_brand","embeddable":true,"href":"https:\/\/florianehaudebault.fr\/index.php\/wp-json\/wp\/v2\/product_brand?post=762244"},{"taxonomy":"product_cat","embeddable":true,"href":"https:\/\/florianehaudebault.fr\/index.php\/wp-json\/wp\/v2\/product_cat?post=762244"},{"taxonomy":"product_tag","embeddable":true,"href":"https:\/\/florianehaudebault.fr\/index.php\/wp-json\/wp\/v2\/product_tag?post=762244"}],"curies":[{"name":"wp","href":"https:\/\/api.w.org\/{rel}","templated":true}]}}