{"id":762239,"date":"2021-03-11T21:37:18","date_gmt":"2021-03-11T20:37:18","guid":{"rendered":"https:\/\/institut-florilege.fr\/index.php\/product\/concentre-de-solution-n2\/"},"modified":"2021-04-27T15:14:33","modified_gmt":"2021-04-27T13:14:33","slug":"concentre-de-solution-n2","status":"publish","type":"product","link":"https:\/\/florianehaudebault.fr\/index.php\/product\/concentre-de-solution-n2\/","title":{"rendered":"Concentr\u00e9 de solution n\u00b02"},"content":{"rendered":"<p>Booster de solution coup d\u2019e\u0301clat, re\u0301veil de la peau, de\u0301fatiguant.<\/p>\n<p>Ultra concentre\u0301, ce produit de\u0301fatigue les traits et illumine le teint, son utilisation a\u0300 la carte permet d\u2019agir au plus pre\u0300s des besoins de la peau.<br \/>\nCONTIENT DES HUILES ESSENTIELLES<\/p>\n","protected":false},"excerpt":{"rendered":"<p>Booster de solution coup d\u2019e\u0301clat, re\u0301veil de la peau, de\u0301fatiguant. Ultra concentre\u0301, ce produit de\u0301fatigue les traits et illumine le teint, son utilisation a\u0300 la carte permet d\u2019agir au plus pre\u0300s des besoins de la peau. CONTIENT DES HUILES ESSENTIELLES<\/p>\n","protected":false},"featured_media":0,"template":"","meta":{"_et_pb_use_builder":"","_et_pb_old_content":"","_et_gb_content_width":"","_monsterinsights_skip_tracking":false,"_monsterinsights_sitenote_active":false,"_monsterinsights_sitenote_note":"","_monsterinsights_sitenote_category":0},"product_brand":[],"product_cat":[19,61],"product_tag":[],"class_list":{"0":"post-762239","1":"product","2":"type-product","3":"status-publish","5":"product_cat-cosmetiques-corps-et-visage-bio","6":"product_cat-produits-visage","8":"first","9":"instock","10":"shipping-taxable","11":"purchasable","12":"product-type-simple"},"yoast_head":"<!-- This site is optimized with the Yoast SEO plugin v27.4 - https:\/\/yoast.com\/product\/yoast-seo-wordpress\/ -->\n<title>Concentr\u00e9 de solution n\u00b02 - Floriane H<\/title>\n<meta name=\"robots\" content=\"index, follow, max-snippet:-1, max-image-preview:large, max-video-preview:-1\" \/>\n<link rel=\"canonical\" href=\"https:\/\/florianehaudebault.fr\/index.php\/product\/concentre-de-solution-n2\/\" \/>\n<meta property=\"og:locale\" content=\"fr_FR\" \/>\n<meta property=\"og:type\" content=\"article\" \/>\n<meta property=\"og:title\" content=\"Concentr\u00e9 de solution n\u00b02 - Floriane H\" \/>\n<meta property=\"og:description\" content=\"Booster de solution coup d\u2019e\u0301clat, re\u0301veil de la peau, de\u0301fatiguant. Ultra concentre\u0301, ce produit de\u0301fatigue les traits et illumine le teint, son utilisation a\u0300 la carte permet d\u2019agir au plus pre\u0300s des besoins de la peau. CONTIENT DES HUILES ESSENTIELLES\" \/>\n<meta property=\"og:url\" content=\"https:\/\/florianehaudebault.fr\/index.php\/product\/concentre-de-solution-n2\/\" \/>\n<meta property=\"og:site_name\" content=\"Floriane H\" \/>\n<meta property=\"article:modified_time\" content=\"2021-04-27T13:14:33+00:00\" \/>\n<meta property=\"og:image\" content=\"https:\/\/florianehaudebault.fr\/wp-content\/uploads\/2021\/03\/CS2-.png\" \/>\n\t<meta property=\"og:image:width\" content=\"360\" \/>\n\t<meta property=\"og:image:height\" content=\"360\" \/>\n\t<meta property=\"og:image:type\" content=\"image\/png\" \/>\n<meta name=\"twitter:card\" content=\"summary_large_image\" \/>\n<script type=\"application\/ld+json\" class=\"yoast-schema-graph\">{\"@context\":\"https:\\\/\\\/schema.org\",\"@graph\":[{\"@type\":\"WebPage\",\"@id\":\"https:\\\/\\\/florianehaudebault.fr\\\/index.php\\\/product\\\/concentre-de-solution-n2\\\/\",\"url\":\"https:\\\/\\\/florianehaudebault.fr\\\/index.php\\\/product\\\/concentre-de-solution-n2\\\/\",\"name\":\"Concentr\u00e9 de solution n\u00b02 - Floriane H\",\"isPartOf\":{\"@id\":\"https:\\\/\\\/florianehaudebault.fr\\\/#website\"},\"datePublished\":\"2021-03-11T20:37:18+00:00\",\"dateModified\":\"2021-04-27T13:14:33+00:00\",\"breadcrumb\":{\"@id\":\"https:\\\/\\\/florianehaudebault.fr\\\/index.php\\\/product\\\/concentre-de-solution-n2\\\/#breadcrumb\"},\"inLanguage\":\"fr-FR\",\"potentialAction\":[{\"@type\":\"ReadAction\",\"target\":[\"https:\\\/\\\/florianehaudebault.fr\\\/index.php\\\/product\\\/concentre-de-solution-n2\\\/\"]}]},{\"@type\":\"BreadcrumbList\",\"@id\":\"https:\\\/\\\/florianehaudebault.fr\\\/index.php\\\/product\\\/concentre-de-solution-n2\\\/#breadcrumb\",\"itemListElement\":[{\"@type\":\"ListItem\",\"position\":1,\"name\":\"Accueil\",\"item\":\"https:\\\/\\\/florianehaudebault.fr\\\/\"},{\"@type\":\"ListItem\",\"position\":2,\"name\":\"Boutique\",\"item\":\"https:\\\/\\\/florianehaudebault.fr\\\/index.php\\\/boutique\\\/\"},{\"@type\":\"ListItem\",\"position\":3,\"name\":\"Concentr\u00e9 de solution n\u00b02\"}]},{\"@type\":\"WebSite\",\"@id\":\"https:\\\/\\\/florianehaudebault.fr\\\/#website\",\"url\":\"https:\\\/\\\/florianehaudebault.fr\\\/\",\"name\":\"Floriane H\",\"description\":\"Institut de beaut\u00e9 et de bien-\u00eatre \u00e0 Vivy\",\"potentialAction\":[{\"@type\":\"SearchAction\",\"target\":{\"@type\":\"EntryPoint\",\"urlTemplate\":\"https:\\\/\\\/florianehaudebault.fr\\\/?s={search_term_string}\"},\"query-input\":{\"@type\":\"PropertyValueSpecification\",\"valueRequired\":true,\"valueName\":\"search_term_string\"}}],\"inLanguage\":\"fr-FR\"}]}<\/script>\n<!-- \/ Yoast SEO plugin. -->","yoast_head_json":{"title":"Concentr\u00e9 de solution n\u00b02 - Floriane H","robots":{"index":"index","follow":"follow","max-snippet":"max-snippet:-1","max-image-preview":"max-image-preview:large","max-video-preview":"max-video-preview:-1"},"canonical":"https:\/\/florianehaudebault.fr\/index.php\/product\/concentre-de-solution-n2\/","og_locale":"fr_FR","og_type":"article","og_title":"Concentr\u00e9 de solution n\u00b02 - Floriane H","og_description":"Booster de solution coup d\u2019e\u0301clat, re\u0301veil de la peau, de\u0301fatiguant. Ultra concentre\u0301, ce produit de\u0301fatigue les traits et illumine le teint, son utilisation a\u0300 la carte permet d\u2019agir au plus pre\u0300s des besoins de la peau. CONTIENT DES HUILES ESSENTIELLES","og_url":"https:\/\/florianehaudebault.fr\/index.php\/product\/concentre-de-solution-n2\/","og_site_name":"Floriane H","article_modified_time":"2021-04-27T13:14:33+00:00","og_image":[{"width":360,"height":360,"url":"https:\/\/florianehaudebault.fr\/wp-content\/uploads\/2021\/03\/CS2-.png","type":"image\/png"}],"twitter_card":"summary_large_image","schema":{"@context":"https:\/\/schema.org","@graph":[{"@type":"WebPage","@id":"https:\/\/florianehaudebault.fr\/index.php\/product\/concentre-de-solution-n2\/","url":"https:\/\/florianehaudebault.fr\/index.php\/product\/concentre-de-solution-n2\/","name":"Concentr\u00e9 de solution n\u00b02 - Floriane H","isPartOf":{"@id":"https:\/\/florianehaudebault.fr\/#website"},"datePublished":"2021-03-11T20:37:18+00:00","dateModified":"2021-04-27T13:14:33+00:00","breadcrumb":{"@id":"https:\/\/florianehaudebault.fr\/index.php\/product\/concentre-de-solution-n2\/#breadcrumb"},"inLanguage":"fr-FR","potentialAction":[{"@type":"ReadAction","target":["https:\/\/florianehaudebault.fr\/index.php\/product\/concentre-de-solution-n2\/"]}]},{"@type":"BreadcrumbList","@id":"https:\/\/florianehaudebault.fr\/index.php\/product\/concentre-de-solution-n2\/#breadcrumb","itemListElement":[{"@type":"ListItem","position":1,"name":"Accueil","item":"https:\/\/florianehaudebault.fr\/"},{"@type":"ListItem","position":2,"name":"Boutique","item":"https:\/\/florianehaudebault.fr\/index.php\/boutique\/"},{"@type":"ListItem","position":3,"name":"Concentr\u00e9 de solution n\u00b02"}]},{"@type":"WebSite","@id":"https:\/\/florianehaudebault.fr\/#website","url":"https:\/\/florianehaudebault.fr\/","name":"Floriane H","description":"Institut de beaut\u00e9 et de bien-\u00eatre \u00e0 Vivy","potentialAction":[{"@type":"SearchAction","target":{"@type":"EntryPoint","urlTemplate":"https:\/\/florianehaudebault.fr\/?s={search_term_string}"},"query-input":{"@type":"PropertyValueSpecification","valueRequired":true,"valueName":"search_term_string"}}],"inLanguage":"fr-FR"}]}},"_links":{"self":[{"href":"https:\/\/florianehaudebault.fr\/index.php\/wp-json\/wp\/v2\/product\/762239","targetHints":{"allow":["GET"]}}],"collection":[{"href":"https:\/\/florianehaudebault.fr\/index.php\/wp-json\/wp\/v2\/product"}],"about":[{"href":"https:\/\/florianehaudebault.fr\/index.php\/wp-json\/wp\/v2\/types\/product"}],"wp:attachment":[{"href":"https:\/\/florianehaudebault.fr\/index.php\/wp-json\/wp\/v2\/media?parent=762239"}],"wp:term":[{"taxonomy":"product_brand","embeddable":true,"href":"https:\/\/florianehaudebault.fr\/index.php\/wp-json\/wp\/v2\/product_brand?post=762239"},{"taxonomy":"product_cat","embeddable":true,"href":"https:\/\/florianehaudebault.fr\/index.php\/wp-json\/wp\/v2\/product_cat?post=762239"},{"taxonomy":"product_tag","embeddable":true,"href":"https:\/\/florianehaudebault.fr\/index.php\/wp-json\/wp\/v2\/product_tag?post=762239"}],"curies":[{"name":"wp","href":"https:\/\/api.w.org\/{rel}","templated":true}]}}