{"id":762237,"date":"2021-03-11T21:37:18","date_gmt":"2021-03-11T20:37:18","guid":{"rendered":"https:\/\/institut-florilege.fr\/index.php\/product\/nectar-exfoliant-minutie\/"},"modified":"2021-06-23T16:26:07","modified_gmt":"2021-06-23T14:26:07","slug":"nectar-exfoliant-minutie","status":"publish","type":"product","link":"https:\/\/florianehaudebault.fr\/index.php\/product\/nectar-exfoliant-minutie\/","title":{"rendered":"Nectar exfoliant minutie"},"content":{"rendered":"<p>Le NECTAR D\u00c9MAQUILLANT VISAGE est un nettoyant visage bio.<\/p>\n<p>L\u2019application du Nectar Exfoliant est un nouveau geste beaute\u0301 hebdomadaire de\u0301toxifiant\/anti-pollution.<br \/>\nExtrait de papaye + huile de s\u00e9same<br \/>\nConvient pour tous les types de peaux me\u0302me tre\u0300s proble\u0301matiques.<\/p>\n","protected":false},"excerpt":{"rendered":"<p>Le NECTAR D\u00c9MAQUILLANT VISAGE est un nettoyant visage bio. L\u2019application du Nectar Exfoliant est un nouveau geste beaute\u0301 hebdomadaire de\u0301toxifiant\/anti-pollution. Extrait de papaye + huile de s\u00e9same Convient pour tous les types de peaux me\u0302me tre\u0300s proble\u0301matiques.<\/p>\n","protected":false},"featured_media":0,"template":"","meta":{"_et_pb_use_builder":"","_et_pb_old_content":"","_et_gb_content_width":"","_monsterinsights_skip_tracking":false,"_monsterinsights_sitenote_active":false,"_monsterinsights_sitenote_note":"","_monsterinsights_sitenote_category":0},"product_brand":[],"product_cat":[19,61],"product_tag":[],"class_list":{"0":"post-762237","1":"product","2":"type-product","3":"status-publish","5":"product_cat-cosmetiques-corps-et-visage-bio","6":"product_cat-produits-visage","8":"first","9":"instock","10":"shipping-taxable","11":"purchasable","12":"product-type-simple"},"yoast_head":"<!-- This site is optimized with the Yoast SEO plugin v27.4 - https:\/\/yoast.com\/product\/yoast-seo-wordpress\/ -->\n<title>Nectar exfoliant minutie - Floriane H<\/title>\n<meta name=\"robots\" content=\"index, follow, max-snippet:-1, max-image-preview:large, max-video-preview:-1\" \/>\n<link rel=\"canonical\" href=\"https:\/\/florianehaudebault.fr\/index.php\/product\/nectar-exfoliant-minutie\/\" \/>\n<meta property=\"og:locale\" content=\"fr_FR\" \/>\n<meta property=\"og:type\" content=\"article\" \/>\n<meta property=\"og:title\" content=\"Nectar exfoliant minutie - Floriane H\" \/>\n<meta property=\"og:description\" content=\"Le NECTAR D\u00c9MAQUILLANT VISAGE est un nettoyant visage bio. L\u2019application du Nectar Exfoliant est un nouveau geste beaute\u0301 hebdomadaire de\u0301toxifiant\/anti-pollution. Extrait de papaye + huile de s\u00e9same Convient pour tous les types de peaux me\u0302me tre\u0300s proble\u0301matiques.\" \/>\n<meta property=\"og:url\" content=\"https:\/\/florianehaudebault.fr\/index.php\/product\/nectar-exfoliant-minutie\/\" \/>\n<meta property=\"og:site_name\" content=\"Floriane H\" \/>\n<meta property=\"article:modified_time\" content=\"2021-06-23T14:26:07+00:00\" \/>\n<meta property=\"og:image\" content=\"https:\/\/florianehaudebault.fr\/wp-content\/uploads\/2021\/03\/minutie-nectar-exfoliant-.png\" \/>\n\t<meta property=\"og:image:width\" content=\"360\" \/>\n\t<meta property=\"og:image:height\" content=\"360\" \/>\n\t<meta property=\"og:image:type\" content=\"image\/png\" \/>\n<meta name=\"twitter:card\" content=\"summary_large_image\" \/>\n<script type=\"application\/ld+json\" class=\"yoast-schema-graph\">{\"@context\":\"https:\\\/\\\/schema.org\",\"@graph\":[{\"@type\":\"WebPage\",\"@id\":\"https:\\\/\\\/florianehaudebault.fr\\\/index.php\\\/product\\\/nectar-exfoliant-minutie\\\/\",\"url\":\"https:\\\/\\\/florianehaudebault.fr\\\/index.php\\\/product\\\/nectar-exfoliant-minutie\\\/\",\"name\":\"Nectar exfoliant minutie - Floriane H\",\"isPartOf\":{\"@id\":\"https:\\\/\\\/florianehaudebault.fr\\\/#website\"},\"datePublished\":\"2021-03-11T20:37:18+00:00\",\"dateModified\":\"2021-06-23T14:26:07+00:00\",\"breadcrumb\":{\"@id\":\"https:\\\/\\\/florianehaudebault.fr\\\/index.php\\\/product\\\/nectar-exfoliant-minutie\\\/#breadcrumb\"},\"inLanguage\":\"fr-FR\",\"potentialAction\":[{\"@type\":\"ReadAction\",\"target\":[\"https:\\\/\\\/florianehaudebault.fr\\\/index.php\\\/product\\\/nectar-exfoliant-minutie\\\/\"]}]},{\"@type\":\"BreadcrumbList\",\"@id\":\"https:\\\/\\\/florianehaudebault.fr\\\/index.php\\\/product\\\/nectar-exfoliant-minutie\\\/#breadcrumb\",\"itemListElement\":[{\"@type\":\"ListItem\",\"position\":1,\"name\":\"Accueil\",\"item\":\"https:\\\/\\\/florianehaudebault.fr\\\/\"},{\"@type\":\"ListItem\",\"position\":2,\"name\":\"Boutique\",\"item\":\"https:\\\/\\\/florianehaudebault.fr\\\/index.php\\\/boutique\\\/\"},{\"@type\":\"ListItem\",\"position\":3,\"name\":\"Nectar exfoliant minutie\"}]},{\"@type\":\"WebSite\",\"@id\":\"https:\\\/\\\/florianehaudebault.fr\\\/#website\",\"url\":\"https:\\\/\\\/florianehaudebault.fr\\\/\",\"name\":\"Floriane H\",\"description\":\"Institut de beaut\u00e9 et de bien-\u00eatre \u00e0 Vivy\",\"potentialAction\":[{\"@type\":\"SearchAction\",\"target\":{\"@type\":\"EntryPoint\",\"urlTemplate\":\"https:\\\/\\\/florianehaudebault.fr\\\/?s={search_term_string}\"},\"query-input\":{\"@type\":\"PropertyValueSpecification\",\"valueRequired\":true,\"valueName\":\"search_term_string\"}}],\"inLanguage\":\"fr-FR\"}]}<\/script>\n<!-- \/ Yoast SEO plugin. -->","yoast_head_json":{"title":"Nectar exfoliant minutie - Floriane H","robots":{"index":"index","follow":"follow","max-snippet":"max-snippet:-1","max-image-preview":"max-image-preview:large","max-video-preview":"max-video-preview:-1"},"canonical":"https:\/\/florianehaudebault.fr\/index.php\/product\/nectar-exfoliant-minutie\/","og_locale":"fr_FR","og_type":"article","og_title":"Nectar exfoliant minutie - Floriane H","og_description":"Le NECTAR D\u00c9MAQUILLANT VISAGE est un nettoyant visage bio. L\u2019application du Nectar Exfoliant est un nouveau geste beaute\u0301 hebdomadaire de\u0301toxifiant\/anti-pollution. Extrait de papaye + huile de s\u00e9same Convient pour tous les types de peaux me\u0302me tre\u0300s proble\u0301matiques.","og_url":"https:\/\/florianehaudebault.fr\/index.php\/product\/nectar-exfoliant-minutie\/","og_site_name":"Floriane H","article_modified_time":"2021-06-23T14:26:07+00:00","og_image":[{"width":360,"height":360,"url":"https:\/\/florianehaudebault.fr\/wp-content\/uploads\/2021\/03\/minutie-nectar-exfoliant-.png","type":"image\/png"}],"twitter_card":"summary_large_image","schema":{"@context":"https:\/\/schema.org","@graph":[{"@type":"WebPage","@id":"https:\/\/florianehaudebault.fr\/index.php\/product\/nectar-exfoliant-minutie\/","url":"https:\/\/florianehaudebault.fr\/index.php\/product\/nectar-exfoliant-minutie\/","name":"Nectar exfoliant minutie - Floriane H","isPartOf":{"@id":"https:\/\/florianehaudebault.fr\/#website"},"datePublished":"2021-03-11T20:37:18+00:00","dateModified":"2021-06-23T14:26:07+00:00","breadcrumb":{"@id":"https:\/\/florianehaudebault.fr\/index.php\/product\/nectar-exfoliant-minutie\/#breadcrumb"},"inLanguage":"fr-FR","potentialAction":[{"@type":"ReadAction","target":["https:\/\/florianehaudebault.fr\/index.php\/product\/nectar-exfoliant-minutie\/"]}]},{"@type":"BreadcrumbList","@id":"https:\/\/florianehaudebault.fr\/index.php\/product\/nectar-exfoliant-minutie\/#breadcrumb","itemListElement":[{"@type":"ListItem","position":1,"name":"Accueil","item":"https:\/\/florianehaudebault.fr\/"},{"@type":"ListItem","position":2,"name":"Boutique","item":"https:\/\/florianehaudebault.fr\/index.php\/boutique\/"},{"@type":"ListItem","position":3,"name":"Nectar exfoliant minutie"}]},{"@type":"WebSite","@id":"https:\/\/florianehaudebault.fr\/#website","url":"https:\/\/florianehaudebault.fr\/","name":"Floriane H","description":"Institut de beaut\u00e9 et de bien-\u00eatre \u00e0 Vivy","potentialAction":[{"@type":"SearchAction","target":{"@type":"EntryPoint","urlTemplate":"https:\/\/florianehaudebault.fr\/?s={search_term_string}"},"query-input":{"@type":"PropertyValueSpecification","valueRequired":true,"valueName":"search_term_string"}}],"inLanguage":"fr-FR"}]}},"_links":{"self":[{"href":"https:\/\/florianehaudebault.fr\/index.php\/wp-json\/wp\/v2\/product\/762237","targetHints":{"allow":["GET"]}}],"collection":[{"href":"https:\/\/florianehaudebault.fr\/index.php\/wp-json\/wp\/v2\/product"}],"about":[{"href":"https:\/\/florianehaudebault.fr\/index.php\/wp-json\/wp\/v2\/types\/product"}],"wp:attachment":[{"href":"https:\/\/florianehaudebault.fr\/index.php\/wp-json\/wp\/v2\/media?parent=762237"}],"wp:term":[{"taxonomy":"product_brand","embeddable":true,"href":"https:\/\/florianehaudebault.fr\/index.php\/wp-json\/wp\/v2\/product_brand?post=762237"},{"taxonomy":"product_cat","embeddable":true,"href":"https:\/\/florianehaudebault.fr\/index.php\/wp-json\/wp\/v2\/product_cat?post=762237"},{"taxonomy":"product_tag","embeddable":true,"href":"https:\/\/florianehaudebault.fr\/index.php\/wp-json\/wp\/v2\/product_tag?post=762237"}],"curies":[{"name":"wp","href":"https:\/\/api.w.org\/{rel}","templated":true}]}}