{"id":762231,"date":"2021-03-11T21:37:17","date_gmt":"2021-03-11T20:37:17","guid":{"rendered":"https:\/\/institut-florilege.fr\/index.php\/product\/lotion-douceur\/"},"modified":"2021-06-03T10:57:57","modified_gmt":"2021-06-03T08:57:57","slug":"lotion-douceur","status":"publish","type":"product","link":"https:\/\/florianehaudebault.fr\/index.php\/product\/lotion-douceur\/","title":{"rendered":"Lotion douceur"},"content":{"rendered":"<p>La LOTION DOUCEUR est un soin visage bio humectant et apaisant pour les peaux s\u00e8ches, fragiles, d\u00e9shydrat\u00e9es.<\/p>\n<p>Les actifs naturels qui la composent ont \u00e9t\u00e9 s\u00e9lectionn\u00e9es pour leur action hydratante*, r\u00e9paratrice et calmante.<\/p>\n<p>La Lotion Douceur enl\u00e8ve les derni\u00e8res traces du d\u00e9maquillage pr\u00e9alable r\u00e9alis\u00e9 avec le Lait Douceur.<\/p>\n<p>Nette, pure et apais\u00e9e, la peau est pr\u00eate \u00e0 recevoir le s\u00e9rum ou la cr\u00e8me de soin pour une plus grande efficacit\u00e9.<\/p>\n","protected":false},"excerpt":{"rendered":"<p>La LOTION DOUCEUR est un soin visage bio humectant et apaisant pour les peaux s\u00e8ches, fragiles, d\u00e9shydrat\u00e9es. Les actifs naturels qui la composent ont \u00e9t\u00e9 s\u00e9lectionn\u00e9es pour leur action hydratante*, r\u00e9paratrice et calmante. La Lotion Douceur enl\u00e8ve les derni\u00e8res traces du d\u00e9maquillage pr\u00e9alable r\u00e9alis\u00e9 avec le Lait Douceur. Nette, pure et apais\u00e9e, la peau est [&hellip;]<\/p>\n","protected":false},"featured_media":1210995,"template":"","meta":{"_et_pb_use_builder":"","_et_pb_old_content":"","_et_gb_content_width":"","_monsterinsights_skip_tracking":false,"_monsterinsights_sitenote_active":false,"_monsterinsights_sitenote_note":"","_monsterinsights_sitenote_category":0},"product_brand":[],"product_cat":[19,61],"product_tag":[],"class_list":{"0":"post-762231","1":"product","2":"type-product","3":"status-publish","4":"has-post-thumbnail","6":"product_cat-cosmetiques-corps-et-visage-bio","7":"product_cat-produits-visage","9":"first","10":"instock","11":"shipping-taxable","12":"purchasable","13":"product-type-simple"},"yoast_head":"<!-- This site is optimized with the Yoast SEO plugin v27.4 - https:\/\/yoast.com\/product\/yoast-seo-wordpress\/ -->\n<title>Lotion douceur - Floriane H<\/title>\n<meta name=\"robots\" content=\"index, follow, max-snippet:-1, max-image-preview:large, max-video-preview:-1\" \/>\n<link rel=\"canonical\" href=\"https:\/\/florianehaudebault.fr\/index.php\/product\/lotion-douceur\/\" \/>\n<meta property=\"og:locale\" content=\"fr_FR\" \/>\n<meta property=\"og:type\" content=\"article\" \/>\n<meta property=\"og:title\" content=\"Lotion douceur - Floriane H\" \/>\n<meta property=\"og:description\" content=\"La LOTION DOUCEUR est un soin visage bio humectant et apaisant pour les peaux s\u00e8ches, fragiles, d\u00e9shydrat\u00e9es. Les actifs naturels qui la composent ont \u00e9t\u00e9 s\u00e9lectionn\u00e9es pour leur action hydratante*, r\u00e9paratrice et calmante. La Lotion Douceur enl\u00e8ve les derni\u00e8res traces du d\u00e9maquillage pr\u00e9alable r\u00e9alis\u00e9 avec le Lait Douceur. Nette, pure et apais\u00e9e, la peau est [&hellip;]\" \/>\n<meta property=\"og:url\" content=\"https:\/\/florianehaudebault.fr\/index.php\/product\/lotion-douceur\/\" \/>\n<meta property=\"og:site_name\" content=\"Floriane H\" \/>\n<meta property=\"article:modified_time\" content=\"2021-06-03T08:57:57+00:00\" \/>\n<meta property=\"og:image\" content=\"https:\/\/florianehaudebault.fr\/wp-content\/uploads\/2021\/03\/lotion_douceur_200_ml.png\" \/>\n\t<meta property=\"og:image:width\" content=\"275\" \/>\n\t<meta property=\"og:image:height\" content=\"1024\" \/>\n\t<meta property=\"og:image:type\" content=\"image\/png\" \/>\n<meta name=\"twitter:card\" content=\"summary_large_image\" \/>\n<script type=\"application\/ld+json\" class=\"yoast-schema-graph\">{\"@context\":\"https:\\\/\\\/schema.org\",\"@graph\":[{\"@type\":\"WebPage\",\"@id\":\"https:\\\/\\\/florianehaudebault.fr\\\/index.php\\\/product\\\/lotion-douceur\\\/\",\"url\":\"https:\\\/\\\/florianehaudebault.fr\\\/index.php\\\/product\\\/lotion-douceur\\\/\",\"name\":\"Lotion douceur - Floriane H\",\"isPartOf\":{\"@id\":\"https:\\\/\\\/florianehaudebault.fr\\\/#website\"},\"primaryImageOfPage\":{\"@id\":\"https:\\\/\\\/florianehaudebault.fr\\\/index.php\\\/product\\\/lotion-douceur\\\/#primaryimage\"},\"image\":{\"@id\":\"https:\\\/\\\/florianehaudebault.fr\\\/index.php\\\/product\\\/lotion-douceur\\\/#primaryimage\"},\"thumbnailUrl\":\"https:\\\/\\\/florianehaudebault.fr\\\/wp-content\\\/uploads\\\/2021\\\/03\\\/lotion_douceur_200_ml.png\",\"datePublished\":\"2021-03-11T20:37:17+00:00\",\"dateModified\":\"2021-06-03T08:57:57+00:00\",\"breadcrumb\":{\"@id\":\"https:\\\/\\\/florianehaudebault.fr\\\/index.php\\\/product\\\/lotion-douceur\\\/#breadcrumb\"},\"inLanguage\":\"fr-FR\",\"potentialAction\":[{\"@type\":\"ReadAction\",\"target\":[\"https:\\\/\\\/florianehaudebault.fr\\\/index.php\\\/product\\\/lotion-douceur\\\/\"]}]},{\"@type\":\"ImageObject\",\"inLanguage\":\"fr-FR\",\"@id\":\"https:\\\/\\\/florianehaudebault.fr\\\/index.php\\\/product\\\/lotion-douceur\\\/#primaryimage\",\"url\":\"https:\\\/\\\/florianehaudebault.fr\\\/wp-content\\\/uploads\\\/2021\\\/03\\\/lotion_douceur_200_ml.png\",\"contentUrl\":\"https:\\\/\\\/florianehaudebault.fr\\\/wp-content\\\/uploads\\\/2021\\\/03\\\/lotion_douceur_200_ml.png\",\"width\":549,\"height\":2041},{\"@type\":\"BreadcrumbList\",\"@id\":\"https:\\\/\\\/florianehaudebault.fr\\\/index.php\\\/product\\\/lotion-douceur\\\/#breadcrumb\",\"itemListElement\":[{\"@type\":\"ListItem\",\"position\":1,\"name\":\"Accueil\",\"item\":\"https:\\\/\\\/florianehaudebault.fr\\\/\"},{\"@type\":\"ListItem\",\"position\":2,\"name\":\"Boutique\",\"item\":\"https:\\\/\\\/florianehaudebault.fr\\\/index.php\\\/boutique\\\/\"},{\"@type\":\"ListItem\",\"position\":3,\"name\":\"Lotion douceur\"}]},{\"@type\":\"WebSite\",\"@id\":\"https:\\\/\\\/florianehaudebault.fr\\\/#website\",\"url\":\"https:\\\/\\\/florianehaudebault.fr\\\/\",\"name\":\"Floriane H\",\"description\":\"Institut de beaut\u00e9 et de bien-\u00eatre \u00e0 Vivy\",\"potentialAction\":[{\"@type\":\"SearchAction\",\"target\":{\"@type\":\"EntryPoint\",\"urlTemplate\":\"https:\\\/\\\/florianehaudebault.fr\\\/?s={search_term_string}\"},\"query-input\":{\"@type\":\"PropertyValueSpecification\",\"valueRequired\":true,\"valueName\":\"search_term_string\"}}],\"inLanguage\":\"fr-FR\"}]}<\/script>\n<!-- \/ Yoast SEO plugin. -->","yoast_head_json":{"title":"Lotion douceur - Floriane H","robots":{"index":"index","follow":"follow","max-snippet":"max-snippet:-1","max-image-preview":"max-image-preview:large","max-video-preview":"max-video-preview:-1"},"canonical":"https:\/\/florianehaudebault.fr\/index.php\/product\/lotion-douceur\/","og_locale":"fr_FR","og_type":"article","og_title":"Lotion douceur - Floriane H","og_description":"La LOTION DOUCEUR est un soin visage bio humectant et apaisant pour les peaux s\u00e8ches, fragiles, d\u00e9shydrat\u00e9es. Les actifs naturels qui la composent ont \u00e9t\u00e9 s\u00e9lectionn\u00e9es pour leur action hydratante*, r\u00e9paratrice et calmante. La Lotion Douceur enl\u00e8ve les derni\u00e8res traces du d\u00e9maquillage pr\u00e9alable r\u00e9alis\u00e9 avec le Lait Douceur. Nette, pure et apais\u00e9e, la peau est [&hellip;]","og_url":"https:\/\/florianehaudebault.fr\/index.php\/product\/lotion-douceur\/","og_site_name":"Floriane H","article_modified_time":"2021-06-03T08:57:57+00:00","og_image":[{"url":"https:\/\/florianehaudebault.fr\/wp-content\/uploads\/2021\/03\/lotion_douceur_200_ml.png","width":275,"height":1024,"type":"image\/png"}],"twitter_card":"summary_large_image","schema":{"@context":"https:\/\/schema.org","@graph":[{"@type":"WebPage","@id":"https:\/\/florianehaudebault.fr\/index.php\/product\/lotion-douceur\/","url":"https:\/\/florianehaudebault.fr\/index.php\/product\/lotion-douceur\/","name":"Lotion douceur - Floriane H","isPartOf":{"@id":"https:\/\/florianehaudebault.fr\/#website"},"primaryImageOfPage":{"@id":"https:\/\/florianehaudebault.fr\/index.php\/product\/lotion-douceur\/#primaryimage"},"image":{"@id":"https:\/\/florianehaudebault.fr\/index.php\/product\/lotion-douceur\/#primaryimage"},"thumbnailUrl":"https:\/\/florianehaudebault.fr\/wp-content\/uploads\/2021\/03\/lotion_douceur_200_ml.png","datePublished":"2021-03-11T20:37:17+00:00","dateModified":"2021-06-03T08:57:57+00:00","breadcrumb":{"@id":"https:\/\/florianehaudebault.fr\/index.php\/product\/lotion-douceur\/#breadcrumb"},"inLanguage":"fr-FR","potentialAction":[{"@type":"ReadAction","target":["https:\/\/florianehaudebault.fr\/index.php\/product\/lotion-douceur\/"]}]},{"@type":"ImageObject","inLanguage":"fr-FR","@id":"https:\/\/florianehaudebault.fr\/index.php\/product\/lotion-douceur\/#primaryimage","url":"https:\/\/florianehaudebault.fr\/wp-content\/uploads\/2021\/03\/lotion_douceur_200_ml.png","contentUrl":"https:\/\/florianehaudebault.fr\/wp-content\/uploads\/2021\/03\/lotion_douceur_200_ml.png","width":549,"height":2041},{"@type":"BreadcrumbList","@id":"https:\/\/florianehaudebault.fr\/index.php\/product\/lotion-douceur\/#breadcrumb","itemListElement":[{"@type":"ListItem","position":1,"name":"Accueil","item":"https:\/\/florianehaudebault.fr\/"},{"@type":"ListItem","position":2,"name":"Boutique","item":"https:\/\/florianehaudebault.fr\/index.php\/boutique\/"},{"@type":"ListItem","position":3,"name":"Lotion douceur"}]},{"@type":"WebSite","@id":"https:\/\/florianehaudebault.fr\/#website","url":"https:\/\/florianehaudebault.fr\/","name":"Floriane H","description":"Institut de beaut\u00e9 et de bien-\u00eatre \u00e0 Vivy","potentialAction":[{"@type":"SearchAction","target":{"@type":"EntryPoint","urlTemplate":"https:\/\/florianehaudebault.fr\/?s={search_term_string}"},"query-input":{"@type":"PropertyValueSpecification","valueRequired":true,"valueName":"search_term_string"}}],"inLanguage":"fr-FR"}]}},"_links":{"self":[{"href":"https:\/\/florianehaudebault.fr\/index.php\/wp-json\/wp\/v2\/product\/762231","targetHints":{"allow":["GET"]}}],"collection":[{"href":"https:\/\/florianehaudebault.fr\/index.php\/wp-json\/wp\/v2\/product"}],"about":[{"href":"https:\/\/florianehaudebault.fr\/index.php\/wp-json\/wp\/v2\/types\/product"}],"wp:featuredmedia":[{"embeddable":true,"href":"https:\/\/florianehaudebault.fr\/index.php\/wp-json\/wp\/v2\/media\/1210995"}],"wp:attachment":[{"href":"https:\/\/florianehaudebault.fr\/index.php\/wp-json\/wp\/v2\/media?parent=762231"}],"wp:term":[{"taxonomy":"product_brand","embeddable":true,"href":"https:\/\/florianehaudebault.fr\/index.php\/wp-json\/wp\/v2\/product_brand?post=762231"},{"taxonomy":"product_cat","embeddable":true,"href":"https:\/\/florianehaudebault.fr\/index.php\/wp-json\/wp\/v2\/product_cat?post=762231"},{"taxonomy":"product_tag","embeddable":true,"href":"https:\/\/florianehaudebault.fr\/index.php\/wp-json\/wp\/v2\/product_tag?post=762231"}],"curies":[{"name":"wp","href":"https:\/\/api.w.org\/{rel}","templated":true}]}}