{"id":1167445,"date":"2021-03-11T21:37:45","date_gmt":"2021-03-11T20:37:45","guid":{"rendered":"https:\/\/institut-florilege.fr\/index.php\/product\/creme-fine-rechargeable\/"},"modified":"2021-06-12T10:25:09","modified_gmt":"2021-06-12T08:25:09","slug":"creme-fine-rechargeable","status":"publish","type":"product","link":"https:\/\/florianehaudebault.fr\/index.php\/product\/creme-fine-rechargeable\/","title":{"rendered":"Cr\u00e8me fine RECHARGEABLE"},"content":{"rendered":"<div class=\"desc\">\n<div>\n<p>La cr\u00e8me hydratante visage bio FINE est un<strong>\u00a0soin visage bio<\/strong><\/p>\n<p><strong>Convient particuli\u00e8rement aux peaux \u00e9quilibr\u00e9es ou \u00e0 tendance brillante.<\/strong><\/p>\n<\/div>\n<\/div>\n<div class=\"field_principe_actifs\">\n<div class=\"title\">Les principes actifs :<\/div>\n<div class=\"pa_items\">\n<div class=\"pa_item\">\n<div class=\"pa_content\">\n<div class=\"fonction\">MAINTIENT L&rsquo;HYDRATATION<\/div>\n<div class=\"pa_desc\">\n<div class=\"pa_title\">Huile de s\u00e9same bio<\/div>\n<\/div>\n<\/div>\n<\/div>\n<div class=\"pa_item\">\n<div class=\"pa_content\">\n<div class=\"fonction\">OXYG\u00c8NE<\/div>\n<div class=\"pa_desc\">\n<div class=\"pa_title\">Extrait de fenouil marin<\/div>\n<\/div>\n<\/div>\n<div>\n<p>La<strong>\u00a0finesse\u00a0<\/strong>de cette\u00a0<strong>cr\u00e8me hydratante visage bio FINE<\/strong>\u00a0lui conf\u00e8re un effet seconde peau, elle s\u2019y fondra et se fera oublier tout en apportant<strong>\u00a0confort et souplesse<\/strong>\u00a0gr\u00e2ce au<strong>\u00a0s\u00e9bum v\u00e9g\u00e9tal issu de l\u2019olive.<\/strong><\/p>\n<p><strong>L\u2019extrait de fenouil marin<\/strong>\u00a0contenu dans la\u00a0<strong>cr\u00e8me hydratante visage bio FINE<\/strong>\u00a0apportera toute sa puissance\u00a0<strong>oxyg\u00e9nante<\/strong>, il contribue ainsi \u00e0\u00a0<strong>pr\u00e9server la jeunesse de la peau.<\/strong><\/p>\n<p><strong>Eclatante\u00a0<\/strong>gr\u00e2ce \u00e0\u00a0<strong>l\u2019action oxyg\u00e9nante<\/strong>\u00a0du fenouil marin,\u00a0<strong>souple et douce<\/strong>\u00a0gr\u00e2ce \u00e0 l\u2019huile de s\u00e9same et d\u2019amande douce, votre peau<strong>\u00a0traverse le temps, prot\u00e9g\u00e9e du vieillissement externe\u00a0<\/strong><em>(pluie, vent, \u00e9cart thermique, pollution\u2026).<\/em><\/p>\n<p><strong>Matin et soir,<\/strong>\u00a0sur\u00a0<strong>peau propre et s\u00e8che<\/strong>, appliquer la cr\u00e8me hydratante visage bio FINE sur le\u00a0<strong>visage et le cou en \u00e9vitant le contour des yeux.<\/strong><\/p>\n<\/div>\n<div class=\"pa_content\">\n<div class=\"pa_desc\">\n<div class=\"bulle_description\"><\/div>\n<\/div>\n<\/div>\n<\/div>\n<\/div>\n<\/div>\n<div class=\"liste_boutons\"><\/div>\n","protected":false},"excerpt":{"rendered":"<p>La cr\u00e8me hydratante visage bio FINE est un\u00a0soin visage bio Convient particuli\u00e8rement aux peaux \u00e9quilibr\u00e9es ou \u00e0 tendance brillante. Les principes actifs : MAINTIENT L&rsquo;HYDRATATION Huile de s\u00e9same bio OXYG\u00c8NE Extrait de fenouil marin La\u00a0finesse\u00a0de cette\u00a0cr\u00e8me hydratante visage bio FINE\u00a0lui conf\u00e8re un effet seconde peau, elle s\u2019y fondra et se fera oublier tout en apportant\u00a0confort [&hellip;]<\/p>\n","protected":false},"featured_media":1210909,"template":"","meta":{"_et_pb_use_builder":"","_et_pb_old_content":"","_et_gb_content_width":"","_monsterinsights_skip_tracking":false,"_monsterinsights_sitenote_active":false,"_monsterinsights_sitenote_note":"","_monsterinsights_sitenote_category":0},"product_brand":[],"product_cat":[19,61],"product_tag":[],"class_list":{"0":"post-1167445","1":"product","2":"type-product","3":"status-publish","4":"has-post-thumbnail","6":"product_cat-cosmetiques-corps-et-visage-bio","7":"product_cat-produits-visage","9":"first","10":"instock","11":"shipping-taxable","12":"purchasable","13":"product-type-simple"},"yoast_head":"<!-- This site is optimized with the Yoast SEO plugin v27.4 - https:\/\/yoast.com\/product\/yoast-seo-wordpress\/ -->\n<title>Cr\u00e8me fine RECHARGEABLE - Floriane H<\/title>\n<meta name=\"robots\" content=\"index, follow, max-snippet:-1, max-image-preview:large, max-video-preview:-1\" \/>\n<link rel=\"canonical\" href=\"https:\/\/florianehaudebault.fr\/index.php\/product\/creme-fine-rechargeable\/\" \/>\n<meta property=\"og:locale\" content=\"fr_FR\" \/>\n<meta property=\"og:type\" content=\"article\" \/>\n<meta property=\"og:title\" content=\"Cr\u00e8me fine RECHARGEABLE - Floriane H\" \/>\n<meta property=\"og:description\" content=\"La cr\u00e8me hydratante visage bio FINE est un\u00a0soin visage bio Convient particuli\u00e8rement aux peaux \u00e9quilibr\u00e9es ou \u00e0 tendance brillante. Les principes actifs : MAINTIENT L&rsquo;HYDRATATION Huile de s\u00e9same bio OXYG\u00c8NE Extrait de fenouil marin La\u00a0finesse\u00a0de cette\u00a0cr\u00e8me hydratante visage bio FINE\u00a0lui conf\u00e8re un effet seconde peau, elle s\u2019y fondra et se fera oublier tout en apportant\u00a0confort [&hellip;]\" \/>\n<meta property=\"og:url\" content=\"https:\/\/florianehaudebault.fr\/index.php\/product\/creme-fine-rechargeable\/\" \/>\n<meta property=\"og:site_name\" content=\"Floriane H\" \/>\n<meta property=\"article:modified_time\" content=\"2021-06-12T08:25:09+00:00\" \/>\n<meta property=\"og:image\" content=\"https:\/\/florianehaudebault.fr\/wp-content\/uploads\/2021\/03\/pot_creme_fine_50_ml.png\" \/>\n\t<meta property=\"og:image:width\" content=\"1024\" \/>\n\t<meta property=\"og:image:height\" content=\"837\" \/>\n\t<meta property=\"og:image:type\" content=\"image\/png\" \/>\n<meta name=\"twitter:card\" content=\"summary_large_image\" \/>\n<meta name=\"twitter:label1\" content=\"Dur\u00e9e de lecture estim\u00e9e\" \/>\n\t<meta name=\"twitter:data1\" content=\"1 minute\" \/>\n<script type=\"application\/ld+json\" class=\"yoast-schema-graph\">{\"@context\":\"https:\\\/\\\/schema.org\",\"@graph\":[{\"@type\":\"WebPage\",\"@id\":\"https:\\\/\\\/florianehaudebault.fr\\\/index.php\\\/product\\\/creme-fine-rechargeable\\\/\",\"url\":\"https:\\\/\\\/florianehaudebault.fr\\\/index.php\\\/product\\\/creme-fine-rechargeable\\\/\",\"name\":\"Cr\u00e8me fine RECHARGEABLE - Floriane H\",\"isPartOf\":{\"@id\":\"https:\\\/\\\/florianehaudebault.fr\\\/#website\"},\"primaryImageOfPage\":{\"@id\":\"https:\\\/\\\/florianehaudebault.fr\\\/index.php\\\/product\\\/creme-fine-rechargeable\\\/#primaryimage\"},\"image\":{\"@id\":\"https:\\\/\\\/florianehaudebault.fr\\\/index.php\\\/product\\\/creme-fine-rechargeable\\\/#primaryimage\"},\"thumbnailUrl\":\"https:\\\/\\\/florianehaudebault.fr\\\/wp-content\\\/uploads\\\/2021\\\/03\\\/pot_creme_fine_50_ml.png\",\"datePublished\":\"2021-03-11T20:37:45+00:00\",\"dateModified\":\"2021-06-12T08:25:09+00:00\",\"breadcrumb\":{\"@id\":\"https:\\\/\\\/florianehaudebault.fr\\\/index.php\\\/product\\\/creme-fine-rechargeable\\\/#breadcrumb\"},\"inLanguage\":\"fr-FR\",\"potentialAction\":[{\"@type\":\"ReadAction\",\"target\":[\"https:\\\/\\\/florianehaudebault.fr\\\/index.php\\\/product\\\/creme-fine-rechargeable\\\/\"]}]},{\"@type\":\"ImageObject\",\"inLanguage\":\"fr-FR\",\"@id\":\"https:\\\/\\\/florianehaudebault.fr\\\/index.php\\\/product\\\/creme-fine-rechargeable\\\/#primaryimage\",\"url\":\"https:\\\/\\\/florianehaudebault.fr\\\/wp-content\\\/uploads\\\/2021\\\/03\\\/pot_creme_fine_50_ml.png\",\"contentUrl\":\"https:\\\/\\\/florianehaudebault.fr\\\/wp-content\\\/uploads\\\/2021\\\/03\\\/pot_creme_fine_50_ml.png\",\"width\":1147,\"height\":938},{\"@type\":\"BreadcrumbList\",\"@id\":\"https:\\\/\\\/florianehaudebault.fr\\\/index.php\\\/product\\\/creme-fine-rechargeable\\\/#breadcrumb\",\"itemListElement\":[{\"@type\":\"ListItem\",\"position\":1,\"name\":\"Accueil\",\"item\":\"https:\\\/\\\/florianehaudebault.fr\\\/\"},{\"@type\":\"ListItem\",\"position\":2,\"name\":\"Boutique\",\"item\":\"https:\\\/\\\/florianehaudebault.fr\\\/index.php\\\/boutique\\\/\"},{\"@type\":\"ListItem\",\"position\":3,\"name\":\"Cr\u00e8me fine RECHARGEABLE\"}]},{\"@type\":\"WebSite\",\"@id\":\"https:\\\/\\\/florianehaudebault.fr\\\/#website\",\"url\":\"https:\\\/\\\/florianehaudebault.fr\\\/\",\"name\":\"Floriane H\",\"description\":\"Institut de beaut\u00e9 et de bien-\u00eatre \u00e0 Vivy\",\"potentialAction\":[{\"@type\":\"SearchAction\",\"target\":{\"@type\":\"EntryPoint\",\"urlTemplate\":\"https:\\\/\\\/florianehaudebault.fr\\\/?s={search_term_string}\"},\"query-input\":{\"@type\":\"PropertyValueSpecification\",\"valueRequired\":true,\"valueName\":\"search_term_string\"}}],\"inLanguage\":\"fr-FR\"}]}<\/script>\n<!-- \/ Yoast SEO plugin. -->","yoast_head_json":{"title":"Cr\u00e8me fine RECHARGEABLE - Floriane H","robots":{"index":"index","follow":"follow","max-snippet":"max-snippet:-1","max-image-preview":"max-image-preview:large","max-video-preview":"max-video-preview:-1"},"canonical":"https:\/\/florianehaudebault.fr\/index.php\/product\/creme-fine-rechargeable\/","og_locale":"fr_FR","og_type":"article","og_title":"Cr\u00e8me fine RECHARGEABLE - Floriane H","og_description":"La cr\u00e8me hydratante visage bio FINE est un\u00a0soin visage bio Convient particuli\u00e8rement aux peaux \u00e9quilibr\u00e9es ou \u00e0 tendance brillante. Les principes actifs : MAINTIENT L&rsquo;HYDRATATION Huile de s\u00e9same bio OXYG\u00c8NE Extrait de fenouil marin La\u00a0finesse\u00a0de cette\u00a0cr\u00e8me hydratante visage bio FINE\u00a0lui conf\u00e8re un effet seconde peau, elle s\u2019y fondra et se fera oublier tout en apportant\u00a0confort [&hellip;]","og_url":"https:\/\/florianehaudebault.fr\/index.php\/product\/creme-fine-rechargeable\/","og_site_name":"Floriane H","article_modified_time":"2021-06-12T08:25:09+00:00","og_image":[{"url":"https:\/\/florianehaudebault.fr\/wp-content\/uploads\/2021\/03\/pot_creme_fine_50_ml.png","width":1024,"height":837,"type":"image\/png"}],"twitter_card":"summary_large_image","twitter_misc":{"Dur\u00e9e de lecture estim\u00e9e":"1 minute"},"schema":{"@context":"https:\/\/schema.org","@graph":[{"@type":"WebPage","@id":"https:\/\/florianehaudebault.fr\/index.php\/product\/creme-fine-rechargeable\/","url":"https:\/\/florianehaudebault.fr\/index.php\/product\/creme-fine-rechargeable\/","name":"Cr\u00e8me fine RECHARGEABLE - Floriane H","isPartOf":{"@id":"https:\/\/florianehaudebault.fr\/#website"},"primaryImageOfPage":{"@id":"https:\/\/florianehaudebault.fr\/index.php\/product\/creme-fine-rechargeable\/#primaryimage"},"image":{"@id":"https:\/\/florianehaudebault.fr\/index.php\/product\/creme-fine-rechargeable\/#primaryimage"},"thumbnailUrl":"https:\/\/florianehaudebault.fr\/wp-content\/uploads\/2021\/03\/pot_creme_fine_50_ml.png","datePublished":"2021-03-11T20:37:45+00:00","dateModified":"2021-06-12T08:25:09+00:00","breadcrumb":{"@id":"https:\/\/florianehaudebault.fr\/index.php\/product\/creme-fine-rechargeable\/#breadcrumb"},"inLanguage":"fr-FR","potentialAction":[{"@type":"ReadAction","target":["https:\/\/florianehaudebault.fr\/index.php\/product\/creme-fine-rechargeable\/"]}]},{"@type":"ImageObject","inLanguage":"fr-FR","@id":"https:\/\/florianehaudebault.fr\/index.php\/product\/creme-fine-rechargeable\/#primaryimage","url":"https:\/\/florianehaudebault.fr\/wp-content\/uploads\/2021\/03\/pot_creme_fine_50_ml.png","contentUrl":"https:\/\/florianehaudebault.fr\/wp-content\/uploads\/2021\/03\/pot_creme_fine_50_ml.png","width":1147,"height":938},{"@type":"BreadcrumbList","@id":"https:\/\/florianehaudebault.fr\/index.php\/product\/creme-fine-rechargeable\/#breadcrumb","itemListElement":[{"@type":"ListItem","position":1,"name":"Accueil","item":"https:\/\/florianehaudebault.fr\/"},{"@type":"ListItem","position":2,"name":"Boutique","item":"https:\/\/florianehaudebault.fr\/index.php\/boutique\/"},{"@type":"ListItem","position":3,"name":"Cr\u00e8me fine RECHARGEABLE"}]},{"@type":"WebSite","@id":"https:\/\/florianehaudebault.fr\/#website","url":"https:\/\/florianehaudebault.fr\/","name":"Floriane H","description":"Institut de beaut\u00e9 et de bien-\u00eatre \u00e0 Vivy","potentialAction":[{"@type":"SearchAction","target":{"@type":"EntryPoint","urlTemplate":"https:\/\/florianehaudebault.fr\/?s={search_term_string}"},"query-input":{"@type":"PropertyValueSpecification","valueRequired":true,"valueName":"search_term_string"}}],"inLanguage":"fr-FR"}]}},"_links":{"self":[{"href":"https:\/\/florianehaudebault.fr\/index.php\/wp-json\/wp\/v2\/product\/1167445","targetHints":{"allow":["GET"]}}],"collection":[{"href":"https:\/\/florianehaudebault.fr\/index.php\/wp-json\/wp\/v2\/product"}],"about":[{"href":"https:\/\/florianehaudebault.fr\/index.php\/wp-json\/wp\/v2\/types\/product"}],"wp:featuredmedia":[{"embeddable":true,"href":"https:\/\/florianehaudebault.fr\/index.php\/wp-json\/wp\/v2\/media\/1210909"}],"wp:attachment":[{"href":"https:\/\/florianehaudebault.fr\/index.php\/wp-json\/wp\/v2\/media?parent=1167445"}],"wp:term":[{"taxonomy":"product_brand","embeddable":true,"href":"https:\/\/florianehaudebault.fr\/index.php\/wp-json\/wp\/v2\/product_brand?post=1167445"},{"taxonomy":"product_cat","embeddable":true,"href":"https:\/\/florianehaudebault.fr\/index.php\/wp-json\/wp\/v2\/product_cat?post=1167445"},{"taxonomy":"product_tag","embeddable":true,"href":"https:\/\/florianehaudebault.fr\/index.php\/wp-json\/wp\/v2\/product_tag?post=1167445"}],"curies":[{"name":"wp","href":"https:\/\/api.w.org\/{rel}","templated":true}]}}